{"id":1142,"date":"2019-05-29T08:56:05","date_gmt":"2019-05-29T07:56:05","guid":{"rendered":"http:\/\/www.jmontblanc.fr\/?page_id=1142"},"modified":"2023-02-14T16:56:29","modified_gmt":"2023-02-14T15:56:29","slug":"la-cooperative","status":"publish","type":"page","link":"https:\/\/www.jmontblanc.fr\/","title":{"rendered":"La Coop\u00e9rative"},"content":{"rendered":"<div class=\"wpb-content-wrapper\">[vc_row][vc_column width=\u00a0\u00bb1\/3&Prime;][vc_column_text css_animation=\u00a0\u00bbnone\u00a0\u00bb italic=\u00a0\u00bb\u00a0\u00bb font_size=\u00a0\u00bb60&Prime; font_weight=\u00a0\u00bb900&Prime; text_align=\u00a0\u00bbcenter\u00a0\u00bb]<strong>3<\/strong>[\/vc_column_text][vc_column_text text_align=\u00a0\u00bbcenter\u00a0\u00bb]Fusion de 3 coop\u00e9ratives historiques.[\/vc_column_text][\/vc_column][vc_column width=\u00a0\u00bb1\/3&Prime;][vc_column_text css_animation=\u00a0\u00bbnone\u00a0\u00bb font_size=\u00a0\u00bb60&Prime; font_weight=\u00a0\u00bb900&Prime; text_align=\u00a0\u00bbcenter\u00a0\u00bb]<strong>200<\/strong>[\/vc_column_text][vc_column_text text_align=\u00a0\u00bbcenter\u00a0\u00bb]Jura Mont-Blanc compte pr\u00e8s de 200 collaborateurs r\u00e9partis sur les d\u00e9partements de l&rsquo;Ain et les Savoies.[\/vc_column_text][\/vc_column][vc_column width=\u00a0\u00bb1\/3&Prime;][vc_column_text css_animation=\u00a0\u00bbnone\u00a0\u00bb font_size=\u00a0\u00bb60&Prime; font_weight=\u00a0\u00bb900&Prime; text_align=\u00a0\u00bbcenter\u00a0\u00bb]<strong>2000<\/strong>[\/vc_column_text][vc_column_text text_align=\u00a0\u00bbcenter\u00a0\u00bb]2000 adh\u00e9rents agriculteurs[\/vc_column_text][\/vc_column][\/vc_row][vc_row full_width=\u00a0\u00bbstretch_row_content_no_spaces\u00a0\u00bb remove_bottom_col_margin=\u00a0\u00bbtrue\u00a0\u00bb][vc_column][vc_column_text text_align=\u00a0\u00bbcenter\u00a0\u00bb font_family=\u00a0\u00bbMontserrat\u00a0\u00bb font_size=\u00a0\u00bb30&Prime; font_weight=\u00a0\u00bb600&Prime; css=\u00a0\u00bb.vc_custom_1559131963988{padding-top: 30px !important;background-color: #706e60 !important;}\u00a0\u00bb color=\u00a0\u00bb#ffffff\u00a0\u00bb]NOS PILIERS[\/vc_column_text][\/vc_column][\/vc_row][vc_row full_width=\u00a0\u00bbstretch_row\u00a0\u00bb column_spacing=\u00a0\u00bb50&Prime; remove_bottom_col_margin=\u00a0\u00bbtrue\u00a0\u00bb css=\u00a0\u00bb.vc_custom_1559133131600{padding-top: 50px !important;padding-bottom: 40px !important;background-color: #706e60 !important;}\u00a0\u00bb][vc_column width=\u00a0\u00bb1\/4&Prime;][vc_column_text]<style>.vcex-icon-box.vcex_69eb65e778745 .vcex-icon-box-heading{color:#ffffff;font-size:24px;font-family:Montserrat;text-transform:uppercase;}.vcex-icon-box.vcex_69eb65e778745 .vcex-icon-box-icon{color:#cdd400;}<\/style><div class=\"vcex-module vcex-icon-box vcex-icon-box-two wpex-block wpex-text-center vcex_69eb65e778745\"><div class=\"vcex-icon-box-symbol vcex-icon-box-symbol--icon wpex-mb-20\"><div class=\"vcex-icon-box-icon wpex-items-center wpex-justify-center wpex-child-inherit-color wpex-text-center wpex-leading-none wpex-inline-flex wpex-text-1\"><span class=\"wpex-flex wpex-icon\" aria-hidden=\"true\"><svg xmlns=\"http:\/\/www.w3.org\/2000\/svg\" viewBox=\"0 0 32 32\"><path d=\"M32 21.143v3.429q0 0.232-0.17 0.402t-0.402 0.17h-24.571v3.429q0 0.232-0.17 0.402t-0.402 0.17q-0.214 0-0.429-0.179l-5.696-5.714q-0.161-0.161-0.161-0.393 0-0.25 0.161-0.411l5.714-5.714q0.161-0.161 0.411-0.161 0.232 0 0.402 0.17t0.17 0.402v3.429h24.571q0.232 0 0.402 0.17t0.17 0.402zM32 11.429q0 0.25-0.161 0.411l-5.714 5.714q-0.161 0.161-0.411 0.161-0.232 0-0.402-0.17t-0.17-0.402v-3.429h-24.571q-0.232 0-0.402-0.17t-0.17-0.402v-3.429q0-0.232 0.17-0.402t0.402-0.17h24.571v-3.429q0-0.25 0.161-0.411t0.411-0.161q0.214 0 0.429 0.179l5.696 5.696q0.161 0.161 0.161 0.411z\"><\/path><\/svg><\/span><\/div><\/div><div class=\"vcex-icon-box-text\"><h2 class=\"vcex-icon-box-heading wpex-heading wpex-mb-10\">Mutualisme<\/h2><div class=\"vcex-icon-box-content wpex-last-mb-0 wpex-clr\"><p style=\"text-align: center\"><span style=\"color: #ffffff\">Approche \u00e9quitable et transparente pour chacun.<\/span><\/p>\n<p style=\"text-align: center\"><span style=\"color: #ffffff\">Une grande proximit\u00e9 avec ses adh\u00e9rents.<\/span><\/p>\n<\/div><\/div><\/div>[\/vc_column_text][\/vc_column][vc_column width=\u00a0\u00bb1\/4&Prime;][vc_column_text]<style>.vcex-icon-box.vcex_69eb65e779a8c .vcex-icon-box-heading{color:#ffffff;font-size:24px;font-family:Montserrat;text-transform:uppercase;}.vcex-icon-box.vcex_69eb65e779a8c .vcex-icon-box-icon{color:#cdd400;}<\/style><div class=\"vcex-module vcex-icon-box vcex-icon-box-two wpex-block wpex-text-center vcex_69eb65e779a8c\"><div class=\"vcex-icon-box-symbol vcex-icon-box-symbol--icon wpex-mb-20\"><div class=\"vcex-icon-box-icon wpex-items-center wpex-justify-center wpex-child-inherit-color wpex-text-center wpex-leading-none wpex-inline-flex wpex-text-1\"><span class=\"wpex-flex wpex-icon\" aria-hidden=\"true\"><svg xmlns=\"http:\/\/www.w3.org\/2000\/svg\" viewBox=\"0 0 512 512\"><path d=\"M464 256A208 208 0 1 1 48 256a208 208 0 1 1 416 0zM0 256a256 256 0 1 0 512 0A256 256 0 1 0 0 256zM232 120V256c0 8 4 15.5 10.7 20l96 64c11 7.4 25.9 4.4 33.3-6.7s4.4-25.9-6.7-33.3L280 243.2V120c0-13.3-10.7-24-24-24s-24 10.7-24 24z\"\/><\/svg><\/span><\/div><\/div><div class=\"vcex-icon-box-text\"><h2 class=\"vcex-icon-box-heading wpex-heading wpex-mb-10\">Comp\u00e9titivit\u00e9<\/h2><div class=\"vcex-icon-box-content wpex-last-mb-0 wpex-clr\"><p style=\"text-align: center\"><span style=\"color: #ffffff\">Performance technico-\u00e9conomique.<\/span><\/p>\n<p style=\"text-align: center\"><span style=\"color: #ffffff\">Attractivit\u00e9 et d\u00e9veloppement territorial.<\/span><\/p>\n<\/div><\/div><\/div>[\/vc_column_text][\/vc_column][vc_column width=\u00a0\u00bb1\/4&Prime;][vc_column_text]<style>.vcex-icon-box.vcex_69eb65e779f83 .vcex-icon-box-heading{color:#ffffff;font-size:24px;font-family:Montserrat;text-transform:uppercase;}.vcex-icon-box.vcex_69eb65e779f83 .vcex-icon-box-icon{color:#cdd400;}<\/style><div class=\"vcex-module vcex-icon-box vcex-icon-box-two wpex-block wpex-text-center vcex_69eb65e779f83\"><div class=\"vcex-icon-box-symbol vcex-icon-box-symbol--icon wpex-mb-20\"><div class=\"vcex-icon-box-icon wpex-items-center wpex-justify-center wpex-child-inherit-color wpex-text-center wpex-leading-none wpex-inline-flex wpex-text-1\"><span class=\"wpex-flex wpex-icon\" aria-hidden=\"true\"><svg xmlns=\"http:\/\/www.w3.org\/2000\/svg\" viewBox=\"0 0 640 512\"><path d=\"M272.2 64.6l-51.1 51.1c-15.3 4.2-29.5 11.9-41.5 22.5L153 161.9C142.8 171 129.5 176 115.8 176H96V304c20.4 .6 39.8 8.9 54.3 23.4l35.6 35.6 7 7 0 0L219.9 397c6.2 6.2 16.4 6.2 22.6 0c1.7-1.7 3-3.7 3.7-5.8c2.8-7.7 9.3-13.5 17.3-15.3s16.4 .6 22.2 6.5L296.5 393c11.6 11.6 30.4 11.6 41.9 0c5.4-5.4 8.3-12.3 8.6-19.4c.4-8.8 5.6-16.6 13.6-20.4s17.3-3 24.4 2.1c9.4 6.7 22.5 5.8 30.9-2.6c9.4-9.4 9.4-24.6 0-33.9L340.1 243l-35.8 33c-27.3 25.2-69.2 25.6-97 .9c-31.7-28.2-32.4-77.4-1.6-106.5l70.1-66.2C303.2 78.4 339.4 64 377.1 64c36.1 0 71 13.3 97.9 37.2L505.1 128H544h40 40c8.8 0 16 7.2 16 16V352c0 17.7-14.3 32-32 32H576c-11.8 0-22.2-6.4-27.7-16H463.4c-3.4 6.7-7.9 13.1-13.5 18.7c-17.1 17.1-40.8 23.8-63 20.1c-3.6 7.3-8.5 14.1-14.6 20.2c-27.3 27.3-70 30-100.4 8.1c-25.1 20.8-62.5 19.5-86-4.1L159 404l-7-7-35.6-35.6c-5.5-5.5-12.7-8.7-20.4-9.3C96 369.7 81.6 384 64 384H32c-17.7 0-32-14.3-32-32V144c0-8.8 7.2-16 16-16H56 96h19.8c2 0 3.9-.7 5.3-2l26.5-23.6C175.5 77.7 211.4 64 248.7 64H259c4.4 0 8.9 .2 13.2 .6zM544 320V176H496c-5.9 0-11.6-2.2-15.9-6.1l-36.9-32.8c-18.2-16.2-41.7-25.1-66.1-25.1c-25.4 0-49.8 9.7-68.3 27.1l-70.1 66.2c-10.3 9.8-10.1 26.3 .5 35.7c9.3 8.3 23.4 8.1 32.5-.3l71.9-66.4c9.7-9 24.9-8.4 33.9 1.4s8.4 24.9-1.4 33.9l-.8 .8 74.4 74.4c10 10 16.5 22.3 19.4 35.1H544zM64 336a16 16 0 1 0 -32 0 16 16 0 1 0 32 0zm528 16a16 16 0 1 0 0-32 16 16 0 1 0 0 32z\"\/><\/svg><\/span><\/div><\/div><div class=\"vcex-icon-box-text\"><h2 class=\"vcex-icon-box-heading wpex-heading wpex-mb-10\">Responsabilit\u00e9<\/h2><div class=\"vcex-icon-box-content wpex-last-mb-0 wpex-clr\"><p style=\"text-align: center\"><span style=\"color: #ffffff\"><strong>E<\/strong>ngagement dans une d\u00e9marche de d\u00e9veloppement agricole<\/span><\/p>\n<p style=\"text-align: center\"><span style=\"color: #ffffff\">territorial et \u00e9co-intensif.<\/span><\/p>\n<\/div><\/div><\/div>[\/vc_column_text][\/vc_column][vc_column width=\u00a0\u00bb1\/4&Prime;][vc_column_text]<style>.vcex-icon-box.vcex_69eb65e77a43b .vcex-icon-box-heading{color:#ffffff;font-size:24px;font-family:Montserrat;text-transform:uppercase;}.vcex-icon-box.vcex_69eb65e77a43b .vcex-icon-box-icon{color:#cdd400;}<\/style><div class=\"vcex-module vcex-icon-box vcex-icon-box-two wpex-block wpex-text-center vcex_69eb65e77a43b\"><div class=\"vcex-icon-box-symbol vcex-icon-box-symbol--icon wpex-mb-20\"><div class=\"vcex-icon-box-icon wpex-items-center wpex-justify-center wpex-child-inherit-color wpex-text-center wpex-leading-none wpex-inline-flex wpex-text-1\"><span class=\"wpex-flex wpex-icon\" aria-hidden=\"true\"><svg xmlns=\"http:\/\/www.w3.org\/2000\/svg\" viewBox=\"0 0 512 512\"><path d=\"M105.1 202.6c7.7-21.8 20.2-42.3 37.8-59.8c62.5-62.5 163.8-62.5 226.3 0L386.3 160H352c-17.7 0-32 14.3-32 32s14.3 32 32 32H463.5c0 0 0 0 0 0h.4c17.7 0 32-14.3 32-32V80c0-17.7-14.3-32-32-32s-32 14.3-32 32v35.2L414.4 97.6c-87.5-87.5-229.3-87.5-316.8 0C73.2 122 55.6 150.7 44.8 181.4c-5.9 16.7 2.9 34.9 19.5 40.8s34.9-2.9 40.8-19.5zM39 289.3c-5 1.5-9.8 4.2-13.7 8.2c-4 4-6.7 8.8-8.1 14c-.3 1.2-.6 2.5-.8 3.8c-.3 1.7-.4 3.4-.4 5.1V432c0 17.7 14.3 32 32 32s32-14.3 32-32V396.9l17.6 17.5 0 0c87.5 87.4 229.3 87.4 316.7 0c24.4-24.4 42.1-53.1 52.9-83.7c5.9-16.7-2.9-34.9-19.5-40.8s-34.9 2.9-40.8 19.5c-7.7 21.8-20.2 42.3-37.8 59.8c-62.5 62.5-163.8 62.5-226.3 0l-.1-.1L125.6 352H160c17.7 0 32-14.3 32-32s-14.3-32-32-32H48.4c-1.6 0-3.2 .1-4.8 .3s-3.1 .5-4.6 1z\"\/><\/svg><\/span><\/div><\/div><div class=\"vcex-icon-box-text\"><h2 class=\"vcex-icon-box-heading wpex-heading wpex-mb-10\">Alliances<\/h2><div class=\"vcex-icon-box-content wpex-last-mb-0 wpex-clr\"><p style=\"text-align: center\"><span style=\"color: #ffffff\">Anticiper les \u00e9volutions du monde agricole.<\/span><\/p>\n<p style=\"text-align: center\"><span style=\"color: #ffffff\">Partenariats UCAPA \/ AREA, Rh\u00f4ne Sa\u00f4ne Engrais&#8230;<\/span><\/p>\n<\/div><\/div><\/div>[\/vc_column_text][\/vc_column][\/vc_row][vc_row full_width=\u00a0\u00bbstretch_row_content_no_spaces\u00a0\u00bb remove_bottom_col_margin=\u00a0\u00bbtrue\u00a0\u00bb][vc_column][vc_column_text text_align=\u00a0\u00bbcenter\u00a0\u00bb font_family=\u00a0\u00bbMontserrat\u00a0\u00bb font_weight=\u00a0\u00bb600&Prime; css=\u00a0\u00bb.vc_custom_1559138146042{border-top-width: 30px !important;background-color: #e9e9e9 !important;}\u00a0\u00bb font_size=\u00a0\u00bb40&Prime;]IMPLANTATIONS G\u00c9OGRAPHIQUES[\/vc_column_text][\/vc_column][\/vc_row][vc_row full_width=\u00a0\u00bbstretch_row\u00a0\u00bb content_placement=\u00a0\u00bbmiddle\u00a0\u00bb wpex_bg_overlay=\u00a0\u00bbcolor\u00a0\u00bb wpex_bg_overlay_color=\u00a0\u00bb#dddddd\u00a0\u00bb css=\u00a0\u00bb.vc_custom_1559131558988{padding-top: 30px !important;padding-bottom: 30px !important;}\u00a0\u00bb][vc_column width=\u00a0\u00bb1\/2&Prime;][vc_single_image image=\u00a0\u00bb1391&Prime; css=\u00a0\u00bb.vc_custom_1559142510525{border-top-width: 30px !important;}\u00a0\u00bb][\/vc_column][vc_column width=\u00a0\u00bb1\/2&Prime;][vc_column_text]\n<div class=\"vcex-spacing wpex-w-100 wpex-clear\"><\/div>[vc_column_text font_family=\u00a0\u00bbMontserrat\u00a0\u00bb font_weight=\u00a0\u00bb600&Prime; font_size=\u00a0\u00bb24&Prime; text_align=\u00a0\u00bbleft\u00a0\u00bb]<span style=\"font-size: 16px;\"><strong>5<\/strong> D\u00e9p\u00f4ts agricoles principaux pour toutes vos fournitures agricoles.<\/span><\/p>\n<p><span style=\"font-size: 16px;\"><strong>7<\/strong> Silos de collecte : bl\u00e9, ma\u00efs, orge, colza&#8230;<\/span><\/p>\n<p><span style=\"font-size: 16px;\"><strong>1<\/strong> silo de collecte de c\u00e9r\u00e9ales BIO<\/span><\/p>\n<p><span style=\"font-size: 16px;\"><strong>1<\/strong> Usine d&rsquo;aliment du b\u00e9tail.<\/span><\/p>\n<p><span style=\"font-size: 16px;\"><strong>19<\/strong> Magasins franchis\u00e9s Gamm vert.<\/span><\/p>\n<p><span style=\"font-size: 16px;\"><strong>1<\/strong> Magasin franchis\u00e9 Jardineries du terroir.<\/span><\/p>\n[\/vc_column_text][\/vc_column][\/vc_row][vc_row][vc_column][\/vc_column][\/vc_row][vc_row full_width=\u00a0\u00bbstretch_row\u00a0\u00bb wpex_bg_overlay=\u00a0\u00bbcolor\u00a0\u00bb wpex_bg_overlay_color=\u00a0\u00bb#ffffff\u00a0\u00bb css=\u00a0\u00bb.vc_custom_1559131925056{padding-top: 30px !important;padding-bottom: 30px !important;}\u00a0\u00bb][vc_column][vc_column_text font_family=\u00a0\u00bbMontserrat\u00a0\u00bb font_size=\u00a0\u00bb24&Prime; font_weight=\u00a0\u00bb600&Prime;]\n<div style=\"text-align: center;\">Un Conseil d&rsquo;Administration compos\u00e9 de <strong>20 associ\u00e9s agriculteurs<\/strong><\/div>\n<div style=\"text-align: center;\">\u00a0<\/div>\n<div style=\"text-align: center;\"><strong>200 hommes et femmes<\/strong> \u00e0 votre \u00e9coute.<\/div>\n<div>\u00a0<\/div>\n[\/vc_column_text][vc_single_image image=\u00a0\u00bb1270&Prime; alignment=\u00a0\u00bbcenter\u00a0\u00bb css=\u00a0\u00bb.vc_custom_1559132435032{border-top-width: 30px !important;}\u00a0\u00bb][\/vc_column][\/vc_row]\n<\/div>","protected":false},"excerpt":{"rendered":"<p>[vc_row][vc_column width=\u00a0\u00bb1\/3&Prime;][vc_column_text css_animation=\u00a0\u00bbnone\u00a0\u00bb italic=\u00a0\u00bb\u00a0\u00bb font_size=\u00a0\u00bb60&Prime; font_weight=\u00a0\u00bb900&Prime; text_align=\u00a0\u00bbcenter\u00a0\u00bb]3[\/vc_column_text][vc_column_text text_align=\u00a0\u00bbcenter\u00a0\u00bb]Fusion de 3 coop\u00e9ratives historiques.[\/vc_column_text][\/vc_column][vc_column width=\u00a0\u00bb1\/3&Prime;][vc_column_text css_animation=\u00a0\u00bbnone\u00a0\u00bb font_size=\u00a0\u00bb60&Prime; font_weight=\u00a0\u00bb900&Prime; text_align=\u00a0\u00bbcenter\u00a0\u00bb]200[\/vc_column_text][vc_column_text text_align=\u00a0\u00bbcenter\u00a0\u00bb]Jura Mont-Blanc compte pr\u00e8s de 200 collaborateurs r\u00e9partis sur les d\u00e9partements de l&rsquo;Ain et les Savoies.[\/vc_column_text][\/vc_column][vc_column width=\u00a0\u00bb1\/3&Prime;][vc_column_text css_animation=\u00a0\u00bbnone\u00a0\u00bb font_size=\u00a0\u00bb60&Prime; font_weight=\u00a0\u00bb900&Prime; text_align=\u00a0\u00bbcenter\u00a0\u00bb]2000[\/vc_column_text][vc_column_text text_align=\u00a0\u00bbcenter\u00a0\u00bb]2000 adh\u00e9rents agriculteurs[\/vc_column_text][\/vc_column][\/vc_row][vc_row full_width=\u00a0\u00bbstretch_row_content_no_spaces\u00a0\u00bb remove_bottom_col_margin=\u00a0\u00bbtrue\u00a0\u00bb][vc_column][vc_column_text text_align=\u00a0\u00bbcenter\u00a0\u00bb font_family=\u00a0\u00bbMontserrat\u00a0\u00bb font_size=\u00a0\u00bb30&Prime; font_weight=\u00a0\u00bb600&Prime; css=\u00a0\u00bb.vc_custom_1559131963988{padding-top: 30px !important;background-color: #706e60 !important;}\u00a0\u00bb color=\u00a0\u00bb#ffffff\u00a0\u00bb]NOS PILIERS[\/vc_column_text][\/vc_column][\/vc_row][vc_row full_width=\u00a0\u00bbstretch_row\u00a0\u00bb&hellip;<\/p>\n","protected":false},"author":1,"featured_media":0,"parent":0,"menu_order":0,"comment_status":"closed","ping_status":"closed","template":"","meta":{"_exactmetrics_skip_tracking":false,"_exactmetrics_sitenote_active":false,"_exactmetrics_sitenote_note":"","_exactmetrics_sitenote_category":0,"jetpack_post_was_ever_published":false,"footnotes":""},"class_list":["post-1142","page","type-page","status-publish","hentry","entry","no-media"],"yoast_head":"<!-- This site is optimized with the Yoast SEO plugin v27.2 - https:\/\/yoast.com\/product\/yoast-seo-wordpress\/ -->\n<title>Coop\u00e9rative Jura Mont-Blanc - Collecte et stockage de c\u00e9r\u00e9ales.<\/title>\n<meta name=\"description\" content=\"Partenaire de l\u2019agriculture r\u00e9gionale &amp; r\u00e9f\u00e9rence des jardineries de proximit\u00e9, Jura Mont-Blanc rayonne sur l&#039;Ain et les Savoie. Tel : 04 50 04 76 87.\" \/>\n<meta name=\"robots\" content=\"index, follow, max-snippet:-1, max-image-preview:large, max-video-preview:-1\" \/>\n<link rel=\"canonical\" href=\"https:\/\/www.jmontblanc.fr\/\" \/>\n<meta property=\"og:locale\" content=\"fr_FR\" \/>\n<meta property=\"og:type\" content=\"article\" \/>\n<meta property=\"og:title\" content=\"Coop\u00e9rative Jura Mont-Blanc - Collecte et stockage de c\u00e9r\u00e9ales.\" \/>\n<meta property=\"og:description\" content=\"Partenaire de l\u2019agriculture r\u00e9gionale &amp; r\u00e9f\u00e9rence des jardineries de proximit\u00e9, Jura Mont-Blanc rayonne sur l&#039;Ain et les Savoie. Tel : 04 50 04 76 87.\" \/>\n<meta property=\"og:url\" content=\"https:\/\/www.jmontblanc.fr\/\" \/>\n<meta property=\"og:site_name\" content=\"Groupe JURA MONT-BLANC\" \/>\n<meta property=\"article:modified_time\" content=\"2023-02-14T15:56:29+00:00\" \/>\n<meta name=\"twitter:card\" content=\"summary_large_image\" \/>\n<meta name=\"twitter:label1\" content=\"Dur\u00e9e de lecture estim\u00e9e\" \/>\n\t<meta name=\"twitter:data1\" content=\"2 minutes\" \/>\n<script type=\"application\/ld+json\" class=\"yoast-schema-graph\">{\"@context\":\"https:\/\/schema.org\",\"@graph\":[{\"@type\":\"WebPage\",\"@id\":\"https:\/\/www.jmontblanc.fr\/\",\"url\":\"https:\/\/www.jmontblanc.fr\/\",\"name\":\"Coop\u00e9rative Jura Mont-Blanc - Collecte et stockage de c\u00e9r\u00e9ales.\",\"isPartOf\":{\"@id\":\"https:\/\/www.jmontblanc.fr\/#website\"},\"datePublished\":\"2019-05-29T07:56:05+00:00\",\"dateModified\":\"2023-02-14T15:56:29+00:00\",\"description\":\"Partenaire de l\u2019agriculture r\u00e9gionale & r\u00e9f\u00e9rence des jardineries de proximit\u00e9, Jura Mont-Blanc rayonne sur l'Ain et les Savoie. Tel : 04 50 04 76 87.\",\"breadcrumb\":{\"@id\":\"https:\/\/www.jmontblanc.fr\/#breadcrumb\"},\"inLanguage\":\"fr-FR\",\"potentialAction\":[{\"@type\":\"ReadAction\",\"target\":[\"https:\/\/www.jmontblanc.fr\/\"]}]},{\"@type\":\"BreadcrumbList\",\"@id\":\"https:\/\/www.jmontblanc.fr\/#breadcrumb\",\"itemListElement\":[{\"@type\":\"ListItem\",\"position\":1,\"name\":\"Accueil\",\"item\":\"https:\/\/www.jmontblanc.fr\/\"},{\"@type\":\"ListItem\",\"position\":2,\"name\":\"La Coop\u00e9rative\"}]},{\"@type\":\"WebSite\",\"@id\":\"https:\/\/www.jmontblanc.fr\/#website\",\"url\":\"https:\/\/www.jmontblanc.fr\/\",\"name\":\"Groupe JURA MONT-BLANC\",\"description\":\"\",\"publisher\":{\"@id\":\"https:\/\/www.jmontblanc.fr\/#organization\"},\"potentialAction\":[{\"@type\":\"SearchAction\",\"target\":{\"@type\":\"EntryPoint\",\"urlTemplate\":\"https:\/\/www.jmontblanc.fr\/?s={search_term_string}\"},\"query-input\":{\"@type\":\"PropertyValueSpecification\",\"valueRequired\":true,\"valueName\":\"search_term_string\"}}],\"inLanguage\":\"fr-FR\"},{\"@type\":\"Organization\",\"@id\":\"https:\/\/www.jmontblanc.fr\/#organization\",\"name\":\"Groupe JURA MONT-BLANC\",\"url\":\"https:\/\/www.jmontblanc.fr\/\",\"logo\":{\"@type\":\"ImageObject\",\"inLanguage\":\"fr-FR\",\"@id\":\"https:\/\/www.jmontblanc.fr\/#\/schema\/logo\/image\/\",\"url\":\"https:\/\/i0.wp.com\/www.jmontblanc.fr\/jmb_wp\/wp-content\/uploads\/2019\/05\/logo-jura-mont-blanc.png?fit=150%2C124&ssl=1\",\"contentUrl\":\"https:\/\/i0.wp.com\/www.jmontblanc.fr\/jmb_wp\/wp-content\/uploads\/2019\/05\/logo-jura-mont-blanc.png?fit=150%2C124&ssl=1\",\"width\":150,\"height\":124,\"caption\":\"Groupe JURA MONT-BLANC\"},\"image\":{\"@id\":\"https:\/\/www.jmontblanc.fr\/#\/schema\/logo\/image\/\"}}]}<\/script>\n<!-- \/ Yoast SEO plugin. -->","yoast_head_json":{"title":"Coop\u00e9rative Jura Mont-Blanc - Collecte et stockage de c\u00e9r\u00e9ales.","description":"Partenaire de l\u2019agriculture r\u00e9gionale & r\u00e9f\u00e9rence des jardineries de proximit\u00e9, Jura Mont-Blanc rayonne sur l'Ain et les Savoie. Tel : 04 50 04 76 87.","robots":{"index":"index","follow":"follow","max-snippet":"max-snippet:-1","max-image-preview":"max-image-preview:large","max-video-preview":"max-video-preview:-1"},"canonical":"https:\/\/www.jmontblanc.fr\/","og_locale":"fr_FR","og_type":"article","og_title":"Coop\u00e9rative Jura Mont-Blanc - Collecte et stockage de c\u00e9r\u00e9ales.","og_description":"Partenaire de l\u2019agriculture r\u00e9gionale & r\u00e9f\u00e9rence des jardineries de proximit\u00e9, Jura Mont-Blanc rayonne sur l'Ain et les Savoie. Tel : 04 50 04 76 87.","og_url":"https:\/\/www.jmontblanc.fr\/","og_site_name":"Groupe JURA MONT-BLANC","article_modified_time":"2023-02-14T15:56:29+00:00","twitter_card":"summary_large_image","twitter_misc":{"Dur\u00e9e de lecture estim\u00e9e":"2 minutes"},"schema":{"@context":"https:\/\/schema.org","@graph":[{"@type":"WebPage","@id":"https:\/\/www.jmontblanc.fr\/","url":"https:\/\/www.jmontblanc.fr\/","name":"Coop\u00e9rative Jura Mont-Blanc - Collecte et stockage de c\u00e9r\u00e9ales.","isPartOf":{"@id":"https:\/\/www.jmontblanc.fr\/#website"},"datePublished":"2019-05-29T07:56:05+00:00","dateModified":"2023-02-14T15:56:29+00:00","description":"Partenaire de l\u2019agriculture r\u00e9gionale & r\u00e9f\u00e9rence des jardineries de proximit\u00e9, Jura Mont-Blanc rayonne sur l'Ain et les Savoie. Tel : 04 50 04 76 87.","breadcrumb":{"@id":"https:\/\/www.jmontblanc.fr\/#breadcrumb"},"inLanguage":"fr-FR","potentialAction":[{"@type":"ReadAction","target":["https:\/\/www.jmontblanc.fr\/"]}]},{"@type":"BreadcrumbList","@id":"https:\/\/www.jmontblanc.fr\/#breadcrumb","itemListElement":[{"@type":"ListItem","position":1,"name":"Accueil","item":"https:\/\/www.jmontblanc.fr\/"},{"@type":"ListItem","position":2,"name":"La Coop\u00e9rative"}]},{"@type":"WebSite","@id":"https:\/\/www.jmontblanc.fr\/#website","url":"https:\/\/www.jmontblanc.fr\/","name":"Groupe JURA MONT-BLANC","description":"","publisher":{"@id":"https:\/\/www.jmontblanc.fr\/#organization"},"potentialAction":[{"@type":"SearchAction","target":{"@type":"EntryPoint","urlTemplate":"https:\/\/www.jmontblanc.fr\/?s={search_term_string}"},"query-input":{"@type":"PropertyValueSpecification","valueRequired":true,"valueName":"search_term_string"}}],"inLanguage":"fr-FR"},{"@type":"Organization","@id":"https:\/\/www.jmontblanc.fr\/#organization","name":"Groupe JURA MONT-BLANC","url":"https:\/\/www.jmontblanc.fr\/","logo":{"@type":"ImageObject","inLanguage":"fr-FR","@id":"https:\/\/www.jmontblanc.fr\/#\/schema\/logo\/image\/","url":"https:\/\/i0.wp.com\/www.jmontblanc.fr\/jmb_wp\/wp-content\/uploads\/2019\/05\/logo-jura-mont-blanc.png?fit=150%2C124&ssl=1","contentUrl":"https:\/\/i0.wp.com\/www.jmontblanc.fr\/jmb_wp\/wp-content\/uploads\/2019\/05\/logo-jura-mont-blanc.png?fit=150%2C124&ssl=1","width":150,"height":124,"caption":"Groupe JURA MONT-BLANC"},"image":{"@id":"https:\/\/www.jmontblanc.fr\/#\/schema\/logo\/image\/"}}]}},"jetpack_sharing_enabled":true,"jetpack_shortlink":"https:\/\/wp.me\/P7bCFA-iq","_links":{"self":[{"href":"https:\/\/www.jmontblanc.fr\/index.php\/wp-json\/wp\/v2\/pages\/1142","targetHints":{"allow":["GET"]}}],"collection":[{"href":"https:\/\/www.jmontblanc.fr\/index.php\/wp-json\/wp\/v2\/pages"}],"about":[{"href":"https:\/\/www.jmontblanc.fr\/index.php\/wp-json\/wp\/v2\/types\/page"}],"author":[{"embeddable":true,"href":"https:\/\/www.jmontblanc.fr\/index.php\/wp-json\/wp\/v2\/users\/1"}],"replies":[{"embeddable":true,"href":"https:\/\/www.jmontblanc.fr\/index.php\/wp-json\/wp\/v2\/comments?post=1142"}],"version-history":[{"count":141,"href":"https:\/\/www.jmontblanc.fr\/index.php\/wp-json\/wp\/v2\/pages\/1142\/revisions"}],"predecessor-version":[{"id":2326,"href":"https:\/\/www.jmontblanc.fr\/index.php\/wp-json\/wp\/v2\/pages\/1142\/revisions\/2326"}],"wp:attachment":[{"href":"https:\/\/www.jmontblanc.fr\/index.php\/wp-json\/wp\/v2\/media?parent=1142"}],"curies":[{"name":"wp","href":"https:\/\/api.w.org\/{rel}","templated":true}]}}