{"id":1400,"date":"2019-06-03T13:28:15","date_gmt":"2019-06-03T12:28:15","guid":{"rendered":"http:\/\/www.jmontblanc.fr\/?page_id=1400"},"modified":"2019-10-29T12:11:42","modified_gmt":"2019-10-29T11:11:42","slug":"activites-agricoles","status":"publish","type":"page","link":"https:\/\/www.jmontblanc.fr\/index.php\/activites-agricoles\/","title":{"rendered":"Productions animales"},"content":{"rendered":"<div class=\"wpb-content-wrapper\">[vc_row full_width=\u00a0\u00bbstretch_row\u00a0\u00bb css=\u00a0\u00bb.vc_custom_1559570640823{background-color: #dddddd !important;}\u00a0\u00bb][vc_column width=\u00a0\u00bb1\/2&Prime;][vc_empty_space height=\u00a0\u00bb16px\u00a0\u00bb][vc_empty_space height=\u00a0\u00bb16px\u00a0\u00bb][vc_column_text text_align=\u00a0\u00bbcenter\u00a0\u00bb font_weight=\u00a0\u00bb600&Prime; font_size=\u00a0\u00bb40&Prime;]\n<p>&nbsp;<\/p>\n<p><strong>Productions animales<\/strong>[\/vc_column_text][vc_empty_space height=\u00a0\u00bb16px\u00a0\u00bb][vc_column_text text_align=\u00a0\u00bbcenter\u00a0\u00bb]Pour r\u00e9pondre aux besoins des exploitations de notre r\u00e9gion d\u2019\u00e9levage, nous d\u00e9veloppons[\/vc_column_text][vc_column_text font_size=\u00a0\u00bb30&Prime; font_weight=\u00a0\u00bb700&Prime; text_align=\u00a0\u00bbcenter\u00a0\u00bb]<strong>3 GAMMES D&rsquo;ALIMENTS<br \/>\n<\/strong>[\/vc_column_text][\/vc_column][vc_column width=\u00a0\u00bb1\/2&Prime;][vc_empty_space]<figure class=\"vcex-image vcex-module\"><div class=\"vcex-image-inner wpex-relative wpex-inline-block\"><img width=\"4608\" height=\"2592\" src=\"https:\/\/i0.wp.com\/www.jmontblanc.fr\/jmb_wp\/wp-content\/uploads\/2019\/10\/vache.jpg?fit=4608%2C2592&amp;ssl=1\" class=\"vcex-image-img wpex-align-middle\" alt=\"\" loading=\"lazy\" decoding=\"async\" srcset=\"https:\/\/i0.wp.com\/www.jmontblanc.fr\/jmb_wp\/wp-content\/uploads\/2019\/10\/vache.jpg?w=4608&amp;ssl=1 4608w, https:\/\/i0.wp.com\/www.jmontblanc.fr\/jmb_wp\/wp-content\/uploads\/2019\/10\/vache.jpg?resize=300%2C169&amp;ssl=1 300w, https:\/\/i0.wp.com\/www.jmontblanc.fr\/jmb_wp\/wp-content\/uploads\/2019\/10\/vache.jpg?resize=768%2C432&amp;ssl=1 768w, https:\/\/i0.wp.com\/www.jmontblanc.fr\/jmb_wp\/wp-content\/uploads\/2019\/10\/vache.jpg?resize=1024%2C576&amp;ssl=1 1024w, https:\/\/i0.wp.com\/www.jmontblanc.fr\/jmb_wp\/wp-content\/uploads\/2019\/10\/vache.jpg?w=1960&amp;ssl=1 1960w, https:\/\/i0.wp.com\/www.jmontblanc.fr\/jmb_wp\/wp-content\/uploads\/2019\/10\/vache.jpg?w=2940&amp;ssl=1 2940w\" sizes=\"auto, (max-width: 980px) 100vw, 980px\" \/><\/div><\/figure>[\/vc_column][\/vc_row][vc_row][vc_column]<div class=\"vcex-spacing wpex-w-100 wpex-clear\"><\/div>[\/vc_column][\/vc_row][vc_row][vc_column width=\u00a0\u00bb1\/3&Prime;][vc_single_image image=\u00a0\u00bb205&Prime; alignment=\u00a0\u00bbcenter\u00a0\u00bb][vc_empty_space height=\u00a0\u00bb40px\u00a0\u00bb][vc_column_text]Des aliments fabriqu\u00e9s dans notre usine de Viry, \u00e0 partir des c\u00e9r\u00e9ales collect\u00e9es localement. Ils sont garantis non OGM et respectent le cahier des charges de l&rsquo;AFTalp (Association des Fromages Traditionnels des Alpes Savoyardes).Une flotte de 4 camions vrac nous permet une optimisation de la logistque pour vous livrer en temps et en heure.[\/vc_column_text][\/vc_column][vc_column width=\u00a0\u00bb1\/3&Prime;][vc_single_image image=\u00a0\u00bb1417&Prime; alignment=\u00a0\u00bbcenter\u00a0\u00bb][vc_empty_space height=\u00a0\u00bb16px\u00a0\u00bb][vc_column_text]Une large gamme d\u2019aliments fabriqu\u00e9s \u00e0 Vonnas par notre partenaire SOREAL, dans le respect du cahier des charges de l\u2019AFTAlp et avec un niveau de qualit\u00e9 \u00e9lev\u00e9.<\/p>\n[\/vc_column_text][\/vc_column][vc_column width=\u00a0\u00bb1\/3&Prime;][vc_single_image image=\u00a0\u00bb1418&Prime;][vc_empty_space height=\u00a0\u00bb70px\u00a0\u00bb][vc_column_text]Une gamme sp\u00e9cifique pour l\u2019\u00e9levage \u00e9quin.[\/vc_column_text][\/vc_column][\/vc_row][vc_row][vc_column]<div class=\"vcex-spacing wpex-w-100 wpex-clear\"><\/div>[\/vc_column][\/vc_row][vc_row][vc_column][vc_column_text font_size=\u00a0\u00bb30&Prime; font_weight=\u00a0\u00bb700&Prime;]<strong>Nos fournitures d&rsquo;\u00e9levage:<br \/>\n<\/strong>[\/vc_column_text]<div class=\"vcex-list_item vcex-module wpex-m-0 wpex-max-w-100 wpex-mb-5\"><div class=\"vcex-list-item-inner wpex-inline-flex wpex-flex-no-wrap\"><div class=\"vcex-list-item-icon wpex-mr-10\"><div class=\"vcex-list-item-icon-inner vcex-icon-wrap wpex-inline-flex wpex-justify-center wpex-items-center wpex-leading-none wpex-child-inherit-color\"><span class=\"wpex-icon--w wpex-icon\" aria-hidden=\"true\"><svg xmlns=\"http:\/\/www.w3.org\/2000\/svg\" viewBox=\"0 0 448 512\"><path d=\"M64 80c-8.8 0-16 7.2-16 16V416c0 8.8 7.2 16 16 16H384c8.8 0 16-7.2 16-16V96c0-8.8-7.2-16-16-16H64zM0 96C0 60.7 28.7 32 64 32H384c35.3 0 64 28.7 64 64V416c0 35.3-28.7 64-64 64H64c-35.3 0-64-28.7-64-64V96zM337 209L209 337c-9.4 9.4-24.6 9.4-33.9 0l-64-64c-9.4-9.4-9.4-24.6 0-33.9s24.6-9.4 33.9 0l47 47L303 175c9.4-9.4 24.6-9.4 33.9 0s9.4 24.6 0 33.9z\"\/><\/svg><\/span><\/div><\/div><div class=\"vcex-list-item-text vcex-content wpex-flex-grow\">Min\u00e9raux, compl\u00e9ments alimentaires et nutritionnels<\/div><\/div><\/div><div class=\"vcex-list_item vcex-module wpex-m-0 wpex-max-w-100 wpex-mb-5\"><div class=\"vcex-list-item-inner wpex-inline-flex wpex-flex-no-wrap\"><div class=\"vcex-list-item-icon wpex-mr-10\"><div class=\"vcex-list-item-icon-inner vcex-icon-wrap wpex-inline-flex wpex-justify-center wpex-items-center wpex-leading-none wpex-child-inherit-color\"><span class=\"wpex-icon--w wpex-icon\" aria-hidden=\"true\"><svg xmlns=\"http:\/\/www.w3.org\/2000\/svg\" viewBox=\"0 0 448 512\"><path d=\"M64 80c-8.8 0-16 7.2-16 16V416c0 8.8 7.2 16 16 16H384c8.8 0 16-7.2 16-16V96c0-8.8-7.2-16-16-16H64zM0 96C0 60.7 28.7 32 64 32H384c35.3 0 64 28.7 64 64V416c0 35.3-28.7 64-64 64H64c-35.3 0-64-28.7-64-64V96zM337 209L209 337c-9.4 9.4-24.6 9.4-33.9 0l-64-64c-9.4-9.4-9.4-24.6 0-33.9s24.6-9.4 33.9 0l47 47L303 175c9.4-9.4 24.6-9.4 33.9 0s9.4 24.6 0 33.9z\"\/><\/svg><\/span><\/div><\/div><div class=\"vcex-list-item-text vcex-content wpex-flex-grow\">Aliments d&rsquo;allaitement veau<\/div><\/div><\/div><div class=\"vcex-list_item vcex-module wpex-m-0 wpex-max-w-100 wpex-mb-5\"><div class=\"vcex-list-item-inner wpex-inline-flex wpex-flex-no-wrap\"><div class=\"vcex-list-item-icon wpex-mr-10\"><div class=\"vcex-list-item-icon-inner vcex-icon-wrap wpex-inline-flex wpex-justify-center wpex-items-center wpex-leading-none wpex-child-inherit-color\"><span class=\"wpex-icon--w wpex-icon\" aria-hidden=\"true\"><svg xmlns=\"http:\/\/www.w3.org\/2000\/svg\" viewBox=\"0 0 448 512\"><path d=\"M64 80c-8.8 0-16 7.2-16 16V416c0 8.8 7.2 16 16 16H384c8.8 0 16-7.2 16-16V96c0-8.8-7.2-16-16-16H64zM0 96C0 60.7 28.7 32 64 32H384c35.3 0 64 28.7 64 64V416c0 35.3-28.7 64-64 64H64c-35.3 0-64-28.7-64-64V96zM337 209L209 337c-9.4 9.4-24.6 9.4-33.9 0l-64-64c-9.4-9.4-9.4-24.6 0-33.9s24.6-9.4 33.9 0l47 47L303 175c9.4-9.4 24.6-9.4 33.9 0s9.4 24.6 0 33.9z\"\/><\/svg><\/span><\/div><\/div><div class=\"vcex-list-item-text vcex-content wpex-flex-grow\">Hygi\u00e8ne de traite<\/div><\/div><\/div><div class=\"vcex-list_item vcex-module wpex-m-0 wpex-max-w-100 wpex-mb-5\"><div class=\"vcex-list-item-inner wpex-inline-flex wpex-flex-no-wrap\"><div class=\"vcex-list-item-icon wpex-mr-10\"><div class=\"vcex-list-item-icon-inner vcex-icon-wrap wpex-inline-flex wpex-justify-center wpex-items-center wpex-leading-none wpex-child-inherit-color\"><span class=\"wpex-icon--w wpex-icon\" aria-hidden=\"true\"><svg xmlns=\"http:\/\/www.w3.org\/2000\/svg\" viewBox=\"0 0 448 512\"><path d=\"M64 80c-8.8 0-16 7.2-16 16V416c0 8.8 7.2 16 16 16H384c8.8 0 16-7.2 16-16V96c0-8.8-7.2-16-16-16H64zM0 96C0 60.7 28.7 32 64 32H384c35.3 0 64 28.7 64 64V416c0 35.3-28.7 64-64 64H64c-35.3 0-64-28.7-64-64V96zM337 209L209 337c-9.4 9.4-24.6 9.4-33.9 0l-64-64c-9.4-9.4-9.4-24.6 0-33.9s24.6-9.4 33.9 0l47 47L303 175c9.4-9.4 24.6-9.4 33.9 0s9.4 24.6 0 33.9z\"\/><\/svg><\/span><\/div><\/div><div class=\"vcex-list-item-text vcex-content wpex-flex-grow\">Mat\u00e9riel : cl\u00f4tures, tubulaire, abreuvement, b\u00e2timent, quincaillerie&#8230;<\/div><\/div><\/div>[vc_column_text text_align=\u00a0\u00bbright\u00a0\u00bb color=\u00a0\u00bb#1670bf\u00a0\u00bb font_weight=\u00a0\u00bb600&Prime;]<em><a href=\"https:\/\/www.jmontblanc.fr\/index.php\/activite-agricole\/\">Contactez votre interlocuteur Jura Mont-Blanc &gt;&gt;<\/a><br \/>\n<\/em>[\/vc_column_text][\/vc_column][\/vc_row][vc_row][vc_column][vc_column_text font_size=\u00a0\u00bb30&Prime; font_weight=\u00a0\u00bb700&Prime;]<strong>Services et conseils d&rsquo;\u00e9levage<br \/>\n<\/strong>[\/vc_column_text]<div class=\"vcex-list_item vcex-module wpex-m-0 wpex-max-w-100 wpex-mb-5\"><div class=\"vcex-list-item-inner wpex-inline-flex wpex-flex-no-wrap\"><div class=\"vcex-list-item-icon wpex-mr-10\"><div class=\"vcex-list-item-icon-inner vcex-icon-wrap wpex-inline-flex wpex-justify-center wpex-items-center wpex-leading-none wpex-child-inherit-color\"><span class=\"wpex-icon--w wpex-icon\" aria-hidden=\"true\"><svg xmlns=\"http:\/\/www.w3.org\/2000\/svg\" viewBox=\"0 0 448 512\"><path d=\"M64 80c-8.8 0-16 7.2-16 16V416c0 8.8 7.2 16 16 16H384c8.8 0 16-7.2 16-16V96c0-8.8-7.2-16-16-16H64zM0 96C0 60.7 28.7 32 64 32H384c35.3 0 64 28.7 64 64V416c0 35.3-28.7 64-64 64H64c-35.3 0-64-28.7-64-64V96zM337 209L209 337c-9.4 9.4-24.6 9.4-33.9 0l-64-64c-9.4-9.4-9.4-24.6 0-33.9s24.6-9.4 33.9 0l47 47L303 175c9.4-9.4 24.6-9.4 33.9 0s9.4 24.6 0 33.9z\"\/><\/svg><\/span><\/div><\/div><div class=\"vcex-list-item-text vcex-content wpex-flex-grow\">3 nutritionnistes<\/div><\/div><\/div><div class=\"vcex-list_item vcex-module wpex-m-0 wpex-max-w-100 wpex-mb-5\"><div class=\"vcex-list-item-inner wpex-inline-flex wpex-flex-no-wrap\"><div class=\"vcex-list-item-icon wpex-mr-10\"><div class=\"vcex-list-item-icon-inner vcex-icon-wrap wpex-inline-flex wpex-justify-center wpex-items-center wpex-leading-none wpex-child-inherit-color\"><span class=\"wpex-icon--w wpex-icon\" aria-hidden=\"true\"><svg xmlns=\"http:\/\/www.w3.org\/2000\/svg\" viewBox=\"0 0 448 512\"><path d=\"M64 80c-8.8 0-16 7.2-16 16V416c0 8.8 7.2 16 16 16H384c8.8 0 16-7.2 16-16V96c0-8.8-7.2-16-16-16H64zM0 96C0 60.7 28.7 32 64 32H384c35.3 0 64 28.7 64 64V416c0 35.3-28.7 64-64 64H64c-35.3 0-64-28.7-64-64V96zM337 209L209 337c-9.4 9.4-24.6 9.4-33.9 0l-64-64c-9.4-9.4-9.4-24.6 0-33.9s24.6-9.4 33.9 0l47 47L303 175c9.4-9.4 24.6-9.4 33.9 0s9.4 24.6 0 33.9z\"\/><\/svg><\/span><\/div><\/div><div class=\"vcex-list-item-text vcex-content wpex-flex-grow\">2 conseillers relations clients + hygi\u00e8ne-nutrition<\/div><\/div><\/div><div class=\"vcex-list_item vcex-module wpex-m-0 wpex-max-w-100 wpex-mb-5\"><div class=\"vcex-list-item-inner wpex-inline-flex wpex-flex-no-wrap\"><div class=\"vcex-list-item-icon wpex-mr-10\"><div class=\"vcex-list-item-icon-inner vcex-icon-wrap wpex-inline-flex wpex-justify-center wpex-items-center wpex-leading-none wpex-child-inherit-color\"><span class=\"wpex-icon--w wpex-icon\" aria-hidden=\"true\"><svg xmlns=\"http:\/\/www.w3.org\/2000\/svg\" viewBox=\"0 0 448 512\"><path d=\"M64 80c-8.8 0-16 7.2-16 16V416c0 8.8 7.2 16 16 16H384c8.8 0 16-7.2 16-16V96c0-8.8-7.2-16-16-16H64zM0 96C0 60.7 28.7 32 64 32H384c35.3 0 64 28.7 64 64V416c0 35.3-28.7 64-64 64H64c-35.3 0-64-28.7-64-64V96zM337 209L209 337c-9.4 9.4-24.6 9.4-33.9 0l-64-64c-9.4-9.4-9.4-24.6 0-33.9s24.6-9.4 33.9 0l47 47L303 175c9.4-9.4 24.6-9.4 33.9 0s9.4 24.6 0 33.9z\"\/><\/svg><\/span><\/div><\/div><div class=\"vcex-list-item-text vcex-content wpex-flex-grow\">Le logiciel ALIPLAN nous permet de calculer les rations de votre troupeau, avec des diagnostics nutritionnels graphiques et optimisation \u00e9conomique.<\/div><\/div><\/div><div class=\"vcex-list_item vcex-module wpex-m-0 wpex-max-w-100 wpex-mb-5\"><div class=\"vcex-list-item-inner wpex-inline-flex wpex-flex-no-wrap\"><div class=\"vcex-list-item-icon wpex-mr-10\"><div class=\"vcex-list-item-icon-inner vcex-icon-wrap wpex-inline-flex wpex-justify-center wpex-items-center wpex-leading-none wpex-child-inherit-color\"><span class=\"wpex-icon--w wpex-icon\" aria-hidden=\"true\"><svg xmlns=\"http:\/\/www.w3.org\/2000\/svg\" viewBox=\"0 0 448 512\"><path d=\"M64 80c-8.8 0-16 7.2-16 16V416c0 8.8 7.2 16 16 16H384c8.8 0 16-7.2 16-16V96c0-8.8-7.2-16-16-16H64zM0 96C0 60.7 28.7 32 64 32H384c35.3 0 64 28.7 64 64V416c0 35.3-28.7 64-64 64H64c-35.3 0-64-28.7-64-64V96zM337 209L209 337c-9.4 9.4-24.6 9.4-33.9 0l-64-64c-9.4-9.4-9.4-24.6 0-33.9s24.6-9.4 33.9 0l47 47L303 175c9.4-9.4 24.6-9.4 33.9 0s9.4 24.6 0 33.9z\"\/><\/svg><\/span><\/div><\/div><div class=\"vcex-list-item-text vcex-content wpex-flex-grow\">Nos techniciens utilisent le logiciel ECOLYSER pour calculer vos co\u00fbts de production et mettre en forme vos r\u00e9sultats par rapport \u00e0 un groupe de r\u00e9f\u00e9rence.<\/div><\/div><\/div><div class=\"vcex-list_item vcex-module wpex-m-0 wpex-max-w-100 wpex-mb-5\"><div class=\"vcex-list-item-inner wpex-inline-flex wpex-flex-no-wrap\"><div class=\"vcex-list-item-icon wpex-mr-10\"><div class=\"vcex-list-item-icon-inner vcex-icon-wrap wpex-inline-flex wpex-justify-center wpex-items-center wpex-leading-none wpex-child-inherit-color\"><span class=\"wpex-icon--w wpex-icon\" aria-hidden=\"true\"><svg xmlns=\"http:\/\/www.w3.org\/2000\/svg\" viewBox=\"0 0 448 512\"><path d=\"M64 80c-8.8 0-16 7.2-16 16V416c0 8.8 7.2 16 16 16H384c8.8 0 16-7.2 16-16V96c0-8.8-7.2-16-16-16H64zM0 96C0 60.7 28.7 32 64 32H384c35.3 0 64 28.7 64 64V416c0 35.3-28.7 64-64 64H64c-35.3 0-64-28.7-64-64V96zM337 209L209 337c-9.4 9.4-24.6 9.4-33.9 0l-64-64c-9.4-9.4-9.4-24.6 0-33.9s24.6-9.4 33.9 0l47 47L303 175c9.4-9.4 24.6-9.4 33.9 0s9.4 24.6 0 33.9z\"\/><\/svg><\/span><\/div><\/div><div class=\"vcex-list-item-text vcex-content wpex-flex-grow\">A la demande, nous pouvons r\u00e9aliser divers diagnostics d&rsquo;\u00e9levage : Observation de troupeau, Bousom\u00e8tre, Diagnostic colostrum pour les veaux<\/div><\/div><\/div>[vc_column_text text_align=\u00a0\u00bbright\u00a0\u00bb color=\u00a0\u00bb#1670bf\u00a0\u00bb font_weight=\u00a0\u00bb600&Prime;]<em><a href=\"https:\/\/www.jmontblanc.fr\/index.php\/activite-agricole\/\">Contactez votre interlocuteur Jura Mont-Blanc &gt;&gt;<\/a><br \/>\n<\/em>[\/vc_column_text][\/vc_column][\/vc_row]\n<\/div>","protected":false},"excerpt":{"rendered":"<p>[vc_row full_width=\u00a0\u00bbstretch_row\u00a0\u00bb css=\u00a0\u00bb.vc_custom_1559570640823{background-color: #dddddd !important;}\u00a0\u00bb][vc_column width=\u00a0\u00bb1\/2&Prime;][vc_empty_space height=\u00a0\u00bb16px\u00a0\u00bb][vc_empty_space height=\u00a0\u00bb16px\u00a0\u00bb][vc_column_text text_align=\u00a0\u00bbcenter\u00a0\u00bb font_weight=\u00a0\u00bb600&Prime; font_size=\u00a0\u00bb40&Prime;] &nbsp; Productions animales[\/vc_column_text][vc_empty_space height=\u00a0\u00bb16px\u00a0\u00bb][vc_column_text text_align=\u00a0\u00bbcenter\u00a0\u00bb]Pour r\u00e9pondre aux besoins des exploitations de notre r\u00e9gion d\u2019\u00e9levage, nous d\u00e9veloppons[\/vc_column_text][vc_column_text font_size=\u00a0\u00bb30&Prime; font_weight=\u00a0\u00bb700&Prime; text_align=\u00a0\u00bbcenter\u00a0\u00bb]3 GAMMES D&rsquo;ALIMENTS [\/vc_column_text][\/vc_column][vc_column width=\u00a0\u00bb1\/2&Prime;][vc_empty_space][\/vc_column][\/vc_row][vc_row][vc_column][\/vc_column][\/vc_row][vc_row][vc_column width=\u00a0\u00bb1\/3&Prime;][vc_single_image image=\u00a0\u00bb205&Prime; alignment=\u00a0\u00bbcenter\u00a0\u00bb][vc_empty_space height=\u00a0\u00bb40px\u00a0\u00bb][vc_column_text]Des aliments fabriqu\u00e9s dans notre usine de Viry, \u00e0 partir des c\u00e9r\u00e9ales collect\u00e9es localement. Ils sont garantis non&hellip;<\/p>\n","protected":false},"author":1,"featured_media":0,"parent":0,"menu_order":0,"comment_status":"closed","ping_status":"closed","template":"","meta":{"_exactmetrics_skip_tracking":false,"_exactmetrics_sitenote_active":false,"_exactmetrics_sitenote_note":"","_exactmetrics_sitenote_category":0,"jetpack_post_was_ever_published":false,"footnotes":""},"class_list":["post-1400","page","type-page","status-publish","hentry","entry","no-media"],"yoast_head":"<!-- This site is optimized with the Yoast SEO plugin v27.2 - https:\/\/yoast.com\/product\/yoast-seo-wordpress\/ -->\n<title>Productions animales - Groupe JURA MONT-BLANC<\/title>\n<meta name=\"robots\" content=\"index, follow, max-snippet:-1, max-image-preview:large, max-video-preview:-1\" \/>\n<link rel=\"canonical\" href=\"https:\/\/www.jmontblanc.fr\/index.php\/activites-agricoles\/\" \/>\n<meta property=\"og:locale\" content=\"fr_FR\" \/>\n<meta property=\"og:type\" content=\"article\" \/>\n<meta property=\"og:title\" content=\"Productions animales - Groupe JURA MONT-BLANC\" \/>\n<meta property=\"og:description\" content=\"[vc_row full_width=\u00a0\u00bbstretch_row\u00a0\u00bb css=\u00a0\u00bb.vc_custom_1559570640823{background-color: #dddddd !important;}\u00a0\u00bb][vc_column width=\u00a0\u00bb1\/2&Prime;][vc_empty_space height=\u00a0\u00bb16px\u00a0\u00bb][vc_empty_space height=\u00a0\u00bb16px\u00a0\u00bb][vc_column_text text_align=\u00a0\u00bbcenter\u00a0\u00bb font_weight=\u00a0\u00bb600&Prime; font_size=\u00a0\u00bb40&Prime;] &nbsp; Productions animales[\/vc_column_text][vc_empty_space height=\u00a0\u00bb16px\u00a0\u00bb][vc_column_text text_align=\u00a0\u00bbcenter\u00a0\u00bb]Pour r\u00e9pondre aux besoins des exploitations de notre r\u00e9gion d\u2019\u00e9levage, nous d\u00e9veloppons[\/vc_column_text][vc_column_text font_size=\u00a0\u00bb30&Prime; font_weight=\u00a0\u00bb700&Prime; text_align=\u00a0\u00bbcenter\u00a0\u00bb]3 GAMMES D&rsquo;ALIMENTS [\/vc_column_text][\/vc_column][vc_column width=\u00a0\u00bb1\/2&Prime;][vc_empty_space][\/vc_column][\/vc_row][vc_row][vc_column][\/vc_column][\/vc_row][vc_row][vc_column width=\u00a0\u00bb1\/3&Prime;][vc_single_image image=\u00a0\u00bb205&Prime; alignment=\u00a0\u00bbcenter\u00a0\u00bb][vc_empty_space height=\u00a0\u00bb40px\u00a0\u00bb][vc_column_text]Des aliments fabriqu\u00e9s dans notre usine de Viry, \u00e0 partir des c\u00e9r\u00e9ales collect\u00e9es localement. Ils sont garantis non&hellip;\" \/>\n<meta property=\"og:url\" content=\"https:\/\/www.jmontblanc.fr\/index.php\/activites-agricoles\/\" \/>\n<meta property=\"og:site_name\" content=\"Groupe JURA MONT-BLANC\" \/>\n<meta property=\"article:modified_time\" content=\"2019-10-29T11:11:42+00:00\" \/>\n<meta name=\"twitter:card\" content=\"summary_large_image\" \/>\n<meta name=\"twitter:label1\" content=\"Dur\u00e9e de lecture estim\u00e9e\" \/>\n\t<meta name=\"twitter:data1\" content=\"3 minutes\" \/>\n<script type=\"application\/ld+json\" class=\"yoast-schema-graph\">{\"@context\":\"https:\/\/schema.org\",\"@graph\":[{\"@type\":\"WebPage\",\"@id\":\"https:\/\/www.jmontblanc.fr\/index.php\/activites-agricoles\/\",\"url\":\"https:\/\/www.jmontblanc.fr\/index.php\/activites-agricoles\/\",\"name\":\"Productions animales - Groupe JURA MONT-BLANC\",\"isPartOf\":{\"@id\":\"https:\/\/www.jmontblanc.fr\/#website\"},\"datePublished\":\"2019-06-03T12:28:15+00:00\",\"dateModified\":\"2019-10-29T11:11:42+00:00\",\"breadcrumb\":{\"@id\":\"https:\/\/www.jmontblanc.fr\/index.php\/activites-agricoles\/#breadcrumb\"},\"inLanguage\":\"fr-FR\",\"potentialAction\":[{\"@type\":\"ReadAction\",\"target\":[\"https:\/\/www.jmontblanc.fr\/index.php\/activites-agricoles\/\"]}]},{\"@type\":\"BreadcrumbList\",\"@id\":\"https:\/\/www.jmontblanc.fr\/index.php\/activites-agricoles\/#breadcrumb\",\"itemListElement\":[{\"@type\":\"ListItem\",\"position\":1,\"name\":\"Accueil\",\"item\":\"https:\/\/www.jmontblanc.fr\/\"},{\"@type\":\"ListItem\",\"position\":2,\"name\":\"Productions animales\"}]},{\"@type\":\"WebSite\",\"@id\":\"https:\/\/www.jmontblanc.fr\/#website\",\"url\":\"https:\/\/www.jmontblanc.fr\/\",\"name\":\"Groupe JURA MONT-BLANC\",\"description\":\"\",\"publisher\":{\"@id\":\"https:\/\/www.jmontblanc.fr\/#organization\"},\"potentialAction\":[{\"@type\":\"SearchAction\",\"target\":{\"@type\":\"EntryPoint\",\"urlTemplate\":\"https:\/\/www.jmontblanc.fr\/?s={search_term_string}\"},\"query-input\":{\"@type\":\"PropertyValueSpecification\",\"valueRequired\":true,\"valueName\":\"search_term_string\"}}],\"inLanguage\":\"fr-FR\"},{\"@type\":\"Organization\",\"@id\":\"https:\/\/www.jmontblanc.fr\/#organization\",\"name\":\"Groupe JURA MONT-BLANC\",\"url\":\"https:\/\/www.jmontblanc.fr\/\",\"logo\":{\"@type\":\"ImageObject\",\"inLanguage\":\"fr-FR\",\"@id\":\"https:\/\/www.jmontblanc.fr\/#\/schema\/logo\/image\/\",\"url\":\"https:\/\/i0.wp.com\/www.jmontblanc.fr\/jmb_wp\/wp-content\/uploads\/2019\/05\/logo-jura-mont-blanc.png?fit=150%2C124&ssl=1\",\"contentUrl\":\"https:\/\/i0.wp.com\/www.jmontblanc.fr\/jmb_wp\/wp-content\/uploads\/2019\/05\/logo-jura-mont-blanc.png?fit=150%2C124&ssl=1\",\"width\":150,\"height\":124,\"caption\":\"Groupe JURA MONT-BLANC\"},\"image\":{\"@id\":\"https:\/\/www.jmontblanc.fr\/#\/schema\/logo\/image\/\"}}]}<\/script>\n<!-- \/ Yoast SEO plugin. -->","yoast_head_json":{"title":"Productions animales - Groupe JURA MONT-BLANC","robots":{"index":"index","follow":"follow","max-snippet":"max-snippet:-1","max-image-preview":"max-image-preview:large","max-video-preview":"max-video-preview:-1"},"canonical":"https:\/\/www.jmontblanc.fr\/index.php\/activites-agricoles\/","og_locale":"fr_FR","og_type":"article","og_title":"Productions animales - Groupe JURA MONT-BLANC","og_description":"[vc_row full_width=\u00a0\u00bbstretch_row\u00a0\u00bb css=\u00a0\u00bb.vc_custom_1559570640823{background-color: #dddddd !important;}\u00a0\u00bb][vc_column width=\u00a0\u00bb1\/2&Prime;][vc_empty_space height=\u00a0\u00bb16px\u00a0\u00bb][vc_empty_space height=\u00a0\u00bb16px\u00a0\u00bb][vc_column_text text_align=\u00a0\u00bbcenter\u00a0\u00bb font_weight=\u00a0\u00bb600&Prime; font_size=\u00a0\u00bb40&Prime;] &nbsp; Productions animales[\/vc_column_text][vc_empty_space height=\u00a0\u00bb16px\u00a0\u00bb][vc_column_text text_align=\u00a0\u00bbcenter\u00a0\u00bb]Pour r\u00e9pondre aux besoins des exploitations de notre r\u00e9gion d\u2019\u00e9levage, nous d\u00e9veloppons[\/vc_column_text][vc_column_text font_size=\u00a0\u00bb30&Prime; font_weight=\u00a0\u00bb700&Prime; text_align=\u00a0\u00bbcenter\u00a0\u00bb]3 GAMMES D&rsquo;ALIMENTS [\/vc_column_text][\/vc_column][vc_column width=\u00a0\u00bb1\/2&Prime;][vc_empty_space][\/vc_column][\/vc_row][vc_row][vc_column][\/vc_column][\/vc_row][vc_row][vc_column width=\u00a0\u00bb1\/3&Prime;][vc_single_image image=\u00a0\u00bb205&Prime; alignment=\u00a0\u00bbcenter\u00a0\u00bb][vc_empty_space height=\u00a0\u00bb40px\u00a0\u00bb][vc_column_text]Des aliments fabriqu\u00e9s dans notre usine de Viry, \u00e0 partir des c\u00e9r\u00e9ales collect\u00e9es localement. Ils sont garantis non&hellip;","og_url":"https:\/\/www.jmontblanc.fr\/index.php\/activites-agricoles\/","og_site_name":"Groupe JURA MONT-BLANC","article_modified_time":"2019-10-29T11:11:42+00:00","twitter_card":"summary_large_image","twitter_misc":{"Dur\u00e9e de lecture estim\u00e9e":"3 minutes"},"schema":{"@context":"https:\/\/schema.org","@graph":[{"@type":"WebPage","@id":"https:\/\/www.jmontblanc.fr\/index.php\/activites-agricoles\/","url":"https:\/\/www.jmontblanc.fr\/index.php\/activites-agricoles\/","name":"Productions animales - Groupe JURA MONT-BLANC","isPartOf":{"@id":"https:\/\/www.jmontblanc.fr\/#website"},"datePublished":"2019-06-03T12:28:15+00:00","dateModified":"2019-10-29T11:11:42+00:00","breadcrumb":{"@id":"https:\/\/www.jmontblanc.fr\/index.php\/activites-agricoles\/#breadcrumb"},"inLanguage":"fr-FR","potentialAction":[{"@type":"ReadAction","target":["https:\/\/www.jmontblanc.fr\/index.php\/activites-agricoles\/"]}]},{"@type":"BreadcrumbList","@id":"https:\/\/www.jmontblanc.fr\/index.php\/activites-agricoles\/#breadcrumb","itemListElement":[{"@type":"ListItem","position":1,"name":"Accueil","item":"https:\/\/www.jmontblanc.fr\/"},{"@type":"ListItem","position":2,"name":"Productions animales"}]},{"@type":"WebSite","@id":"https:\/\/www.jmontblanc.fr\/#website","url":"https:\/\/www.jmontblanc.fr\/","name":"Groupe JURA MONT-BLANC","description":"","publisher":{"@id":"https:\/\/www.jmontblanc.fr\/#organization"},"potentialAction":[{"@type":"SearchAction","target":{"@type":"EntryPoint","urlTemplate":"https:\/\/www.jmontblanc.fr\/?s={search_term_string}"},"query-input":{"@type":"PropertyValueSpecification","valueRequired":true,"valueName":"search_term_string"}}],"inLanguage":"fr-FR"},{"@type":"Organization","@id":"https:\/\/www.jmontblanc.fr\/#organization","name":"Groupe JURA MONT-BLANC","url":"https:\/\/www.jmontblanc.fr\/","logo":{"@type":"ImageObject","inLanguage":"fr-FR","@id":"https:\/\/www.jmontblanc.fr\/#\/schema\/logo\/image\/","url":"https:\/\/i0.wp.com\/www.jmontblanc.fr\/jmb_wp\/wp-content\/uploads\/2019\/05\/logo-jura-mont-blanc.png?fit=150%2C124&ssl=1","contentUrl":"https:\/\/i0.wp.com\/www.jmontblanc.fr\/jmb_wp\/wp-content\/uploads\/2019\/05\/logo-jura-mont-blanc.png?fit=150%2C124&ssl=1","width":150,"height":124,"caption":"Groupe JURA MONT-BLANC"},"image":{"@id":"https:\/\/www.jmontblanc.fr\/#\/schema\/logo\/image\/"}}]}},"jetpack_sharing_enabled":true,"jetpack_shortlink":"https:\/\/wp.me\/P7bCFA-mA","_links":{"self":[{"href":"https:\/\/www.jmontblanc.fr\/index.php\/wp-json\/wp\/v2\/pages\/1400","targetHints":{"allow":["GET"]}}],"collection":[{"href":"https:\/\/www.jmontblanc.fr\/index.php\/wp-json\/wp\/v2\/pages"}],"about":[{"href":"https:\/\/www.jmontblanc.fr\/index.php\/wp-json\/wp\/v2\/types\/page"}],"author":[{"embeddable":true,"href":"https:\/\/www.jmontblanc.fr\/index.php\/wp-json\/wp\/v2\/users\/1"}],"replies":[{"embeddable":true,"href":"https:\/\/www.jmontblanc.fr\/index.php\/wp-json\/wp\/v2\/comments?post=1400"}],"version-history":[{"count":60,"href":"https:\/\/www.jmontblanc.fr\/index.php\/wp-json\/wp\/v2\/pages\/1400\/revisions"}],"predecessor-version":[{"id":1854,"href":"https:\/\/www.jmontblanc.fr\/index.php\/wp-json\/wp\/v2\/pages\/1400\/revisions\/1854"}],"wp:attachment":[{"href":"https:\/\/www.jmontblanc.fr\/index.php\/wp-json\/wp\/v2\/media?parent=1400"}],"curies":[{"name":"wp","href":"https:\/\/api.w.org\/{rel}","templated":true}]}}