{"id":1806,"date":"2019-07-23T16:58:49","date_gmt":"2019-07-23T15:58:49","guid":{"rendered":"http:\/\/www.jmontblanc.fr\/?page_id=1806"},"modified":"2023-10-31T14:17:02","modified_gmt":"2023-10-31T13:17:02","slug":"activite-agricole-secteur-genevois","status":"publish","type":"page","link":"https:\/\/www.jmontblanc.fr\/index.php\/activite-agricole-secteur-genevois\/","title":{"rendered":"Activit\u00e9 agricole &#8211; Secteur Genevois"},"content":{"rendered":"<div class=\"wpb-content-wrapper\">[vc_row][vc_column][vc_column_text]\n<h2><span style=\"color: #008000;\">Vos interlocuteurs<\/span><\/h2>\n<p><strong>Conseillers technico-commerciaux : <\/strong>Valentin Rey \/ 07 57 47 97 09 \/ <a href=\"mailto:v.rey@jmontblanc.fr\">v.rey@jmontblanc.fr<\/a><\/p>\n<p><strong>Nutritionniste :<\/strong> Renaud DEBORNE \/ 07 76 58 51 85 \/ <a href=\"mailto:r.deborne@jmontblanc.fr\">r.deborne@jmontblanc.fr<\/a><\/p>\n<p><strong>Conseiller Hygi\u00e8ne &#8211; Nutritionnels &#8211; Mat\u00e9riel d&rsquo;\u00e9levage<\/strong> : Gilles OSOUF \/ 06 73 55 87 19 \/\u00a0<a href=\"mailto:r.deborne@jmontblanc.fr\">g.osouf@jmontblanc.fr<\/a><\/p>\n<h3><\/h3>\n<h2><span style=\"color: #008000;\">Votre d\u00e9p\u00f4t\/silo<\/span><\/h2>\n<div><strong>Viry<\/strong><\/div>\n<div>69 route des Agriculteurs<\/div>\n<div>74580 VIRY<\/div>\n<h3><\/h3>\n<div>Coordonn\u00e9es du silo : 04 50 04 76 87 \/ <a href=\"mailto:viry.silo@jmontblanc.fr\">viry.silo@jmontblanc.fr<\/a><\/div>\n<div>Coordonn\u00e9es du d\u00e9p\u00f4t : 04 50 04 76 87 \/ <a href=\"mailto:viry.depot@jmontblanc.fr\">viry.depot@jmontblanc.fr<\/a><\/div>\n<h3><\/h3>\n<p><a href=\"https:\/\/www.jmontblanc.fr\/index.php\/activite-agricole\/\">&lt;&#8211; Retour \u00e0 la liste des secteurs<\/a>[\/vc_column_text][\/vc_column][\/vc_row]\n<\/div>","protected":false},"excerpt":{"rendered":"<p>[vc_row][vc_column][vc_column_text] Vos interlocuteurs Conseillers technico-commerciaux : Valentin Rey \/ 07 57 47 97 09 \/ v.rey@jmontblanc.fr Nutritionniste : Renaud DEBORNE \/ 07 76 58 51 85 \/ r.deborne@jmontblanc.fr Conseiller Hygi\u00e8ne &#8211; Nutritionnels &#8211; Mat\u00e9riel d&rsquo;\u00e9levage : Gilles OSOUF \/ 06 73 55 87 19 \/\u00a0g.osouf@jmontblanc.fr Votre d\u00e9p\u00f4t\/silo Viry 69 route des Agriculteurs 74580 VIRY Coordonn\u00e9es&hellip;<\/p>\n","protected":false},"author":2,"featured_media":0,"parent":0,"menu_order":0,"comment_status":"closed","ping_status":"closed","template":"","meta":{"_exactmetrics_skip_tracking":false,"_exactmetrics_sitenote_active":false,"_exactmetrics_sitenote_note":"","_exactmetrics_sitenote_category":0,"jetpack_post_was_ever_published":false,"footnotes":""},"class_list":["post-1806","page","type-page","status-publish","hentry","entry","no-media"],"yoast_head":"<!-- This site is optimized with the Yoast SEO plugin v27.2 - https:\/\/yoast.com\/product\/yoast-seo-wordpress\/ -->\n<title>Activit\u00e9 agricole - Secteur Genevois - Groupe JURA MONT-BLANC<\/title>\n<meta name=\"robots\" content=\"index, follow, max-snippet:-1, max-image-preview:large, max-video-preview:-1\" \/>\n<link rel=\"canonical\" href=\"https:\/\/www.jmontblanc.fr\/index.php\/activite-agricole-secteur-genevois\/\" \/>\n<meta property=\"og:locale\" content=\"fr_FR\" \/>\n<meta property=\"og:type\" content=\"article\" \/>\n<meta property=\"og:title\" content=\"Activit\u00e9 agricole - Secteur Genevois - Groupe JURA MONT-BLANC\" \/>\n<meta property=\"og:description\" content=\"[vc_row][vc_column][vc_column_text] Vos interlocuteurs Conseillers technico-commerciaux : Valentin Rey \/ 07 57 47 97 09 \/ v.rey@jmontblanc.fr Nutritionniste : Renaud DEBORNE \/ 07 76 58 51 85 \/ r.deborne@jmontblanc.fr Conseiller Hygi\u00e8ne &#8211; Nutritionnels &#8211; Mat\u00e9riel d&rsquo;\u00e9levage : Gilles OSOUF \/ 06 73 55 87 19 \/\u00a0g.osouf@jmontblanc.fr Votre d\u00e9p\u00f4t\/silo Viry 69 route des Agriculteurs 74580 VIRY Coordonn\u00e9es&hellip;\" \/>\n<meta property=\"og:url\" content=\"https:\/\/www.jmontblanc.fr\/index.php\/activite-agricole-secteur-genevois\/\" \/>\n<meta property=\"og:site_name\" content=\"Groupe JURA MONT-BLANC\" \/>\n<meta property=\"article:modified_time\" content=\"2023-10-31T13:17:02+00:00\" \/>\n<meta name=\"twitter:card\" content=\"summary_large_image\" \/>\n<meta name=\"twitter:label1\" content=\"Dur\u00e9e de lecture estim\u00e9e\" \/>\n\t<meta name=\"twitter:data1\" content=\"1 minute\" \/>\n<script type=\"application\/ld+json\" class=\"yoast-schema-graph\">{\"@context\":\"https:\/\/schema.org\",\"@graph\":[{\"@type\":\"WebPage\",\"@id\":\"https:\/\/www.jmontblanc.fr\/index.php\/activite-agricole-secteur-genevois\/\",\"url\":\"https:\/\/www.jmontblanc.fr\/index.php\/activite-agricole-secteur-genevois\/\",\"name\":\"Activit\u00e9 agricole - Secteur Genevois - Groupe JURA MONT-BLANC\",\"isPartOf\":{\"@id\":\"https:\/\/www.jmontblanc.fr\/#website\"},\"datePublished\":\"2019-07-23T15:58:49+00:00\",\"dateModified\":\"2023-10-31T13:17:02+00:00\",\"breadcrumb\":{\"@id\":\"https:\/\/www.jmontblanc.fr\/index.php\/activite-agricole-secteur-genevois\/#breadcrumb\"},\"inLanguage\":\"fr-FR\",\"potentialAction\":[{\"@type\":\"ReadAction\",\"target\":[\"https:\/\/www.jmontblanc.fr\/index.php\/activite-agricole-secteur-genevois\/\"]}]},{\"@type\":\"BreadcrumbList\",\"@id\":\"https:\/\/www.jmontblanc.fr\/index.php\/activite-agricole-secteur-genevois\/#breadcrumb\",\"itemListElement\":[{\"@type\":\"ListItem\",\"position\":1,\"name\":\"Accueil\",\"item\":\"https:\/\/www.jmontblanc.fr\/\"},{\"@type\":\"ListItem\",\"position\":2,\"name\":\"Activit\u00e9 agricole &#8211; Secteur Genevois\"}]},{\"@type\":\"WebSite\",\"@id\":\"https:\/\/www.jmontblanc.fr\/#website\",\"url\":\"https:\/\/www.jmontblanc.fr\/\",\"name\":\"Groupe JURA MONT-BLANC\",\"description\":\"\",\"publisher\":{\"@id\":\"https:\/\/www.jmontblanc.fr\/#organization\"},\"potentialAction\":[{\"@type\":\"SearchAction\",\"target\":{\"@type\":\"EntryPoint\",\"urlTemplate\":\"https:\/\/www.jmontblanc.fr\/?s={search_term_string}\"},\"query-input\":{\"@type\":\"PropertyValueSpecification\",\"valueRequired\":true,\"valueName\":\"search_term_string\"}}],\"inLanguage\":\"fr-FR\"},{\"@type\":\"Organization\",\"@id\":\"https:\/\/www.jmontblanc.fr\/#organization\",\"name\":\"Groupe JURA MONT-BLANC\",\"url\":\"https:\/\/www.jmontblanc.fr\/\",\"logo\":{\"@type\":\"ImageObject\",\"inLanguage\":\"fr-FR\",\"@id\":\"https:\/\/www.jmontblanc.fr\/#\/schema\/logo\/image\/\",\"url\":\"https:\/\/i0.wp.com\/www.jmontblanc.fr\/jmb_wp\/wp-content\/uploads\/2019\/05\/logo-jura-mont-blanc.png?fit=150%2C124&ssl=1\",\"contentUrl\":\"https:\/\/i0.wp.com\/www.jmontblanc.fr\/jmb_wp\/wp-content\/uploads\/2019\/05\/logo-jura-mont-blanc.png?fit=150%2C124&ssl=1\",\"width\":150,\"height\":124,\"caption\":\"Groupe JURA MONT-BLANC\"},\"image\":{\"@id\":\"https:\/\/www.jmontblanc.fr\/#\/schema\/logo\/image\/\"}}]}<\/script>\n<!-- \/ Yoast SEO plugin. -->","yoast_head_json":{"title":"Activit\u00e9 agricole - Secteur Genevois - Groupe JURA MONT-BLANC","robots":{"index":"index","follow":"follow","max-snippet":"max-snippet:-1","max-image-preview":"max-image-preview:large","max-video-preview":"max-video-preview:-1"},"canonical":"https:\/\/www.jmontblanc.fr\/index.php\/activite-agricole-secteur-genevois\/","og_locale":"fr_FR","og_type":"article","og_title":"Activit\u00e9 agricole - Secteur Genevois - Groupe JURA MONT-BLANC","og_description":"[vc_row][vc_column][vc_column_text] Vos interlocuteurs Conseillers technico-commerciaux : Valentin Rey \/ 07 57 47 97 09 \/ v.rey@jmontblanc.fr Nutritionniste : Renaud DEBORNE \/ 07 76 58 51 85 \/ r.deborne@jmontblanc.fr Conseiller Hygi\u00e8ne &#8211; Nutritionnels &#8211; Mat\u00e9riel d&rsquo;\u00e9levage : Gilles OSOUF \/ 06 73 55 87 19 \/\u00a0g.osouf@jmontblanc.fr Votre d\u00e9p\u00f4t\/silo Viry 69 route des Agriculteurs 74580 VIRY Coordonn\u00e9es&hellip;","og_url":"https:\/\/www.jmontblanc.fr\/index.php\/activite-agricole-secteur-genevois\/","og_site_name":"Groupe JURA MONT-BLANC","article_modified_time":"2023-10-31T13:17:02+00:00","twitter_card":"summary_large_image","twitter_misc":{"Dur\u00e9e de lecture estim\u00e9e":"1 minute"},"schema":{"@context":"https:\/\/schema.org","@graph":[{"@type":"WebPage","@id":"https:\/\/www.jmontblanc.fr\/index.php\/activite-agricole-secteur-genevois\/","url":"https:\/\/www.jmontblanc.fr\/index.php\/activite-agricole-secteur-genevois\/","name":"Activit\u00e9 agricole - Secteur Genevois - Groupe JURA MONT-BLANC","isPartOf":{"@id":"https:\/\/www.jmontblanc.fr\/#website"},"datePublished":"2019-07-23T15:58:49+00:00","dateModified":"2023-10-31T13:17:02+00:00","breadcrumb":{"@id":"https:\/\/www.jmontblanc.fr\/index.php\/activite-agricole-secteur-genevois\/#breadcrumb"},"inLanguage":"fr-FR","potentialAction":[{"@type":"ReadAction","target":["https:\/\/www.jmontblanc.fr\/index.php\/activite-agricole-secteur-genevois\/"]}]},{"@type":"BreadcrumbList","@id":"https:\/\/www.jmontblanc.fr\/index.php\/activite-agricole-secteur-genevois\/#breadcrumb","itemListElement":[{"@type":"ListItem","position":1,"name":"Accueil","item":"https:\/\/www.jmontblanc.fr\/"},{"@type":"ListItem","position":2,"name":"Activit\u00e9 agricole &#8211; Secteur Genevois"}]},{"@type":"WebSite","@id":"https:\/\/www.jmontblanc.fr\/#website","url":"https:\/\/www.jmontblanc.fr\/","name":"Groupe JURA MONT-BLANC","description":"","publisher":{"@id":"https:\/\/www.jmontblanc.fr\/#organization"},"potentialAction":[{"@type":"SearchAction","target":{"@type":"EntryPoint","urlTemplate":"https:\/\/www.jmontblanc.fr\/?s={search_term_string}"},"query-input":{"@type":"PropertyValueSpecification","valueRequired":true,"valueName":"search_term_string"}}],"inLanguage":"fr-FR"},{"@type":"Organization","@id":"https:\/\/www.jmontblanc.fr\/#organization","name":"Groupe JURA MONT-BLANC","url":"https:\/\/www.jmontblanc.fr\/","logo":{"@type":"ImageObject","inLanguage":"fr-FR","@id":"https:\/\/www.jmontblanc.fr\/#\/schema\/logo\/image\/","url":"https:\/\/i0.wp.com\/www.jmontblanc.fr\/jmb_wp\/wp-content\/uploads\/2019\/05\/logo-jura-mont-blanc.png?fit=150%2C124&ssl=1","contentUrl":"https:\/\/i0.wp.com\/www.jmontblanc.fr\/jmb_wp\/wp-content\/uploads\/2019\/05\/logo-jura-mont-blanc.png?fit=150%2C124&ssl=1","width":150,"height":124,"caption":"Groupe JURA MONT-BLANC"},"image":{"@id":"https:\/\/www.jmontblanc.fr\/#\/schema\/logo\/image\/"}}]}},"jetpack_sharing_enabled":true,"jetpack_shortlink":"https:\/\/wp.me\/P7bCFA-t8","_links":{"self":[{"href":"https:\/\/www.jmontblanc.fr\/index.php\/wp-json\/wp\/v2\/pages\/1806","targetHints":{"allow":["GET"]}}],"collection":[{"href":"https:\/\/www.jmontblanc.fr\/index.php\/wp-json\/wp\/v2\/pages"}],"about":[{"href":"https:\/\/www.jmontblanc.fr\/index.php\/wp-json\/wp\/v2\/types\/page"}],"author":[{"embeddable":true,"href":"https:\/\/www.jmontblanc.fr\/index.php\/wp-json\/wp\/v2\/users\/2"}],"replies":[{"embeddable":true,"href":"https:\/\/www.jmontblanc.fr\/index.php\/wp-json\/wp\/v2\/comments?post=1806"}],"version-history":[{"count":9,"href":"https:\/\/www.jmontblanc.fr\/index.php\/wp-json\/wp\/v2\/pages\/1806\/revisions"}],"predecessor-version":[{"id":2377,"href":"https:\/\/www.jmontblanc.fr\/index.php\/wp-json\/wp\/v2\/pages\/1806\/revisions\/2377"}],"wp:attachment":[{"href":"https:\/\/www.jmontblanc.fr\/index.php\/wp-json\/wp\/v2\/media?parent=1806"}],"curies":[{"name":"wp","href":"https:\/\/api.w.org\/{rel}","templated":true}]}}