{"id":381,"date":"2016-03-31T10:59:08","date_gmt":"2016-03-31T09:59:08","guid":{"rendered":"http:\/\/www.jmontblanc.fr\/?page_id=381"},"modified":"2023-10-31T14:06:30","modified_gmt":"2023-10-31T13:06:30","slug":"activite-agricole-3","status":"publish","type":"page","link":"https:\/\/www.jmontblanc.fr\/index.php\/activite-agricole-3\/","title":{"rendered":"Activit\u00e9 agricole &#8211; Secteur Chablais &#8211; Vall\u00e9e verte"},"content":{"rendered":"<div class=\"wpb-content-wrapper\">[vc_row][vc_column][vc_column_text]\n<div>\n<h2><span style=\"color: #008000;\">Vos interlocuteurs<\/span><\/h2>\n<p><strong>Conseiller technico-commercial :<\/strong> Beno\u00eet LANGE \/ <span id=\"GrilleDonnees_ctl20_Numero\">06 86 49 43 01<\/span> \/ <a href=\"mailto:b.lange@jmontblanc.fr\">b.lange@jmontblanc.fr<\/a><\/p>\n<p><strong>Nutritionniste :<\/strong> Aur\u00e9lie POUPEL \/ 06 83 86 92 02 \/ <a href=\"mailto:a.poupel@jmontblanc.fr\">a.poupel@jmontblanc.fr<\/a><\/p>\n<p><strong>Conseiller Hygi\u00e8ne &#8211; Nutritionnels &#8211; Mat\u00e9riel d&rsquo;\u00e9levage<\/strong> : Nicolas ARANDEL \/ 06 85 91 28 81 \/ <a href=\"mailto:n.arandel@jmontblanc.fr\">n.arandel@jmontblanc.fr<\/a><\/p>\n<h3><\/h3>\n<h2><span style=\"color: #008000;\">Votre d\u00e9p\u00f4t\/silo<\/span><\/h2>\n<div><strong>Douvaine Messery<\/strong><\/div>\n<\/div>\n<div>24 route des Esserons<\/div>\n<div>74140 DOUVAINE<\/div>\n<div><\/div>\n<h3><\/h3>\n<div>\n<div>Coordonn\u00e9es du d\u00e9p\u00f4t : 04 50 94 02 30 \/ <a href=\"mailto:bonneville.depot@jmontblanc.fr\">douvaine.depot@jmontblanc.fr<\/a><\/div>\n<div>Coordonn\u00e9es du silo : 04 50 94 02 30 \/ <a href=\"mailto:douvaine.silo@jmontblanc.fr\">douvaine.silo@jmontblanc.fr<\/a><\/div>\n<\/div>\n<div>\n<div><\/div>\n<\/div>\n<p><a href=\"https:\/\/www.jmontblanc.fr\/index.php\/activite-agricole\/\">&lt;&#8211; Retour \u00e0 la liste des secteurs<\/a>[\/vc_column_text][\/vc_column][\/vc_row]\n<\/div>","protected":false},"excerpt":{"rendered":"<p>[vc_row][vc_column][vc_column_text] Vos interlocuteurs Conseiller technico-commercial : Beno\u00eet LANGE \/ 06 86 49 43 01 \/ b.lange@jmontblanc.fr Nutritionniste : Aur\u00e9lie POUPEL \/ 06 83 86 92 02 \/ a.poupel@jmontblanc.fr Conseiller Hygi\u00e8ne &#8211; Nutritionnels &#8211; Mat\u00e9riel d&rsquo;\u00e9levage : Nicolas ARANDEL \/ 06 85 91 28 81 \/ n.arandel@jmontblanc.fr Votre d\u00e9p\u00f4t\/silo Douvaine Messery 24 route des Esserons 74140&hellip;<\/p>\n","protected":false},"author":3,"featured_media":0,"parent":0,"menu_order":0,"comment_status":"closed","ping_status":"closed","template":"","meta":{"_exactmetrics_skip_tracking":false,"_exactmetrics_sitenote_active":false,"_exactmetrics_sitenote_note":"","_exactmetrics_sitenote_category":0,"jetpack_post_was_ever_published":false,"footnotes":""},"class_list":["post-381","page","type-page","status-publish","hentry","entry","no-media"],"yoast_head":"<!-- This site is optimized with the Yoast SEO plugin v27.2 - https:\/\/yoast.com\/product\/yoast-seo-wordpress\/ -->\n<title>Activit\u00e9 agricole - Secteur Chablais - Vall\u00e9e verte - Groupe JURA MONT-BLANC<\/title>\n<meta name=\"robots\" content=\"index, follow, max-snippet:-1, max-image-preview:large, max-video-preview:-1\" \/>\n<link rel=\"canonical\" href=\"https:\/\/www.jmontblanc.fr\/index.php\/activite-agricole-3\/\" \/>\n<meta property=\"og:locale\" content=\"fr_FR\" \/>\n<meta property=\"og:type\" content=\"article\" \/>\n<meta property=\"og:title\" content=\"Activit\u00e9 agricole - Secteur Chablais - Vall\u00e9e verte - Groupe JURA MONT-BLANC\" \/>\n<meta property=\"og:description\" content=\"[vc_row][vc_column][vc_column_text] Vos interlocuteurs Conseiller technico-commercial : Beno\u00eet LANGE \/ 06 86 49 43 01 \/ b.lange@jmontblanc.fr Nutritionniste : Aur\u00e9lie POUPEL \/ 06 83 86 92 02 \/ a.poupel@jmontblanc.fr Conseiller Hygi\u00e8ne &#8211; Nutritionnels &#8211; Mat\u00e9riel d&rsquo;\u00e9levage : Nicolas ARANDEL \/ 06 85 91 28 81 \/ n.arandel@jmontblanc.fr Votre d\u00e9p\u00f4t\/silo Douvaine Messery 24 route des Esserons 74140&hellip;\" \/>\n<meta property=\"og:url\" content=\"https:\/\/www.jmontblanc.fr\/index.php\/activite-agricole-3\/\" \/>\n<meta property=\"og:site_name\" content=\"Groupe JURA MONT-BLANC\" \/>\n<meta property=\"article:modified_time\" content=\"2023-10-31T13:06:30+00:00\" \/>\n<meta name=\"twitter:card\" content=\"summary_large_image\" \/>\n<meta name=\"twitter:label1\" content=\"Dur\u00e9e de lecture estim\u00e9e\" \/>\n\t<meta name=\"twitter:data1\" content=\"1 minute\" \/>\n<script type=\"application\/ld+json\" class=\"yoast-schema-graph\">{\"@context\":\"https:\/\/schema.org\",\"@graph\":[{\"@type\":\"WebPage\",\"@id\":\"https:\/\/www.jmontblanc.fr\/index.php\/activite-agricole-3\/\",\"url\":\"https:\/\/www.jmontblanc.fr\/index.php\/activite-agricole-3\/\",\"name\":\"Activit\u00e9 agricole - Secteur Chablais - Vall\u00e9e verte - Groupe JURA MONT-BLANC\",\"isPartOf\":{\"@id\":\"https:\/\/www.jmontblanc.fr\/#website\"},\"datePublished\":\"2016-03-31T09:59:08+00:00\",\"dateModified\":\"2023-10-31T13:06:30+00:00\",\"breadcrumb\":{\"@id\":\"https:\/\/www.jmontblanc.fr\/index.php\/activite-agricole-3\/#breadcrumb\"},\"inLanguage\":\"fr-FR\",\"potentialAction\":[{\"@type\":\"ReadAction\",\"target\":[\"https:\/\/www.jmontblanc.fr\/index.php\/activite-agricole-3\/\"]}]},{\"@type\":\"BreadcrumbList\",\"@id\":\"https:\/\/www.jmontblanc.fr\/index.php\/activite-agricole-3\/#breadcrumb\",\"itemListElement\":[{\"@type\":\"ListItem\",\"position\":1,\"name\":\"Accueil\",\"item\":\"https:\/\/www.jmontblanc.fr\/\"},{\"@type\":\"ListItem\",\"position\":2,\"name\":\"Activit\u00e9 agricole &#8211; Secteur Chablais &#8211; Vall\u00e9e verte\"}]},{\"@type\":\"WebSite\",\"@id\":\"https:\/\/www.jmontblanc.fr\/#website\",\"url\":\"https:\/\/www.jmontblanc.fr\/\",\"name\":\"Groupe JURA MONT-BLANC\",\"description\":\"\",\"publisher\":{\"@id\":\"https:\/\/www.jmontblanc.fr\/#organization\"},\"potentialAction\":[{\"@type\":\"SearchAction\",\"target\":{\"@type\":\"EntryPoint\",\"urlTemplate\":\"https:\/\/www.jmontblanc.fr\/?s={search_term_string}\"},\"query-input\":{\"@type\":\"PropertyValueSpecification\",\"valueRequired\":true,\"valueName\":\"search_term_string\"}}],\"inLanguage\":\"fr-FR\"},{\"@type\":\"Organization\",\"@id\":\"https:\/\/www.jmontblanc.fr\/#organization\",\"name\":\"Groupe JURA MONT-BLANC\",\"url\":\"https:\/\/www.jmontblanc.fr\/\",\"logo\":{\"@type\":\"ImageObject\",\"inLanguage\":\"fr-FR\",\"@id\":\"https:\/\/www.jmontblanc.fr\/#\/schema\/logo\/image\/\",\"url\":\"https:\/\/i0.wp.com\/www.jmontblanc.fr\/jmb_wp\/wp-content\/uploads\/2019\/05\/logo-jura-mont-blanc.png?fit=150%2C124&ssl=1\",\"contentUrl\":\"https:\/\/i0.wp.com\/www.jmontblanc.fr\/jmb_wp\/wp-content\/uploads\/2019\/05\/logo-jura-mont-blanc.png?fit=150%2C124&ssl=1\",\"width\":150,\"height\":124,\"caption\":\"Groupe JURA MONT-BLANC\"},\"image\":{\"@id\":\"https:\/\/www.jmontblanc.fr\/#\/schema\/logo\/image\/\"}}]}<\/script>\n<!-- \/ Yoast SEO plugin. -->","yoast_head_json":{"title":"Activit\u00e9 agricole - Secteur Chablais - Vall\u00e9e verte - Groupe JURA MONT-BLANC","robots":{"index":"index","follow":"follow","max-snippet":"max-snippet:-1","max-image-preview":"max-image-preview:large","max-video-preview":"max-video-preview:-1"},"canonical":"https:\/\/www.jmontblanc.fr\/index.php\/activite-agricole-3\/","og_locale":"fr_FR","og_type":"article","og_title":"Activit\u00e9 agricole - Secteur Chablais - Vall\u00e9e verte - Groupe JURA MONT-BLANC","og_description":"[vc_row][vc_column][vc_column_text] Vos interlocuteurs Conseiller technico-commercial : Beno\u00eet LANGE \/ 06 86 49 43 01 \/ b.lange@jmontblanc.fr Nutritionniste : Aur\u00e9lie POUPEL \/ 06 83 86 92 02 \/ a.poupel@jmontblanc.fr Conseiller Hygi\u00e8ne &#8211; Nutritionnels &#8211; Mat\u00e9riel d&rsquo;\u00e9levage : Nicolas ARANDEL \/ 06 85 91 28 81 \/ n.arandel@jmontblanc.fr Votre d\u00e9p\u00f4t\/silo Douvaine Messery 24 route des Esserons 74140&hellip;","og_url":"https:\/\/www.jmontblanc.fr\/index.php\/activite-agricole-3\/","og_site_name":"Groupe JURA MONT-BLANC","article_modified_time":"2023-10-31T13:06:30+00:00","twitter_card":"summary_large_image","twitter_misc":{"Dur\u00e9e de lecture estim\u00e9e":"1 minute"},"schema":{"@context":"https:\/\/schema.org","@graph":[{"@type":"WebPage","@id":"https:\/\/www.jmontblanc.fr\/index.php\/activite-agricole-3\/","url":"https:\/\/www.jmontblanc.fr\/index.php\/activite-agricole-3\/","name":"Activit\u00e9 agricole - Secteur Chablais - Vall\u00e9e verte - Groupe JURA MONT-BLANC","isPartOf":{"@id":"https:\/\/www.jmontblanc.fr\/#website"},"datePublished":"2016-03-31T09:59:08+00:00","dateModified":"2023-10-31T13:06:30+00:00","breadcrumb":{"@id":"https:\/\/www.jmontblanc.fr\/index.php\/activite-agricole-3\/#breadcrumb"},"inLanguage":"fr-FR","potentialAction":[{"@type":"ReadAction","target":["https:\/\/www.jmontblanc.fr\/index.php\/activite-agricole-3\/"]}]},{"@type":"BreadcrumbList","@id":"https:\/\/www.jmontblanc.fr\/index.php\/activite-agricole-3\/#breadcrumb","itemListElement":[{"@type":"ListItem","position":1,"name":"Accueil","item":"https:\/\/www.jmontblanc.fr\/"},{"@type":"ListItem","position":2,"name":"Activit\u00e9 agricole &#8211; Secteur Chablais &#8211; Vall\u00e9e verte"}]},{"@type":"WebSite","@id":"https:\/\/www.jmontblanc.fr\/#website","url":"https:\/\/www.jmontblanc.fr\/","name":"Groupe JURA MONT-BLANC","description":"","publisher":{"@id":"https:\/\/www.jmontblanc.fr\/#organization"},"potentialAction":[{"@type":"SearchAction","target":{"@type":"EntryPoint","urlTemplate":"https:\/\/www.jmontblanc.fr\/?s={search_term_string}"},"query-input":{"@type":"PropertyValueSpecification","valueRequired":true,"valueName":"search_term_string"}}],"inLanguage":"fr-FR"},{"@type":"Organization","@id":"https:\/\/www.jmontblanc.fr\/#organization","name":"Groupe JURA MONT-BLANC","url":"https:\/\/www.jmontblanc.fr\/","logo":{"@type":"ImageObject","inLanguage":"fr-FR","@id":"https:\/\/www.jmontblanc.fr\/#\/schema\/logo\/image\/","url":"https:\/\/i0.wp.com\/www.jmontblanc.fr\/jmb_wp\/wp-content\/uploads\/2019\/05\/logo-jura-mont-blanc.png?fit=150%2C124&ssl=1","contentUrl":"https:\/\/i0.wp.com\/www.jmontblanc.fr\/jmb_wp\/wp-content\/uploads\/2019\/05\/logo-jura-mont-blanc.png?fit=150%2C124&ssl=1","width":150,"height":124,"caption":"Groupe JURA MONT-BLANC"},"image":{"@id":"https:\/\/www.jmontblanc.fr\/#\/schema\/logo\/image\/"}}]}},"jetpack_sharing_enabled":true,"jetpack_shortlink":"https:\/\/wp.me\/P7bCFA-69","_links":{"self":[{"href":"https:\/\/www.jmontblanc.fr\/index.php\/wp-json\/wp\/v2\/pages\/381","targetHints":{"allow":["GET"]}}],"collection":[{"href":"https:\/\/www.jmontblanc.fr\/index.php\/wp-json\/wp\/v2\/pages"}],"about":[{"href":"https:\/\/www.jmontblanc.fr\/index.php\/wp-json\/wp\/v2\/types\/page"}],"author":[{"embeddable":true,"href":"https:\/\/www.jmontblanc.fr\/index.php\/wp-json\/wp\/v2\/users\/3"}],"replies":[{"embeddable":true,"href":"https:\/\/www.jmontblanc.fr\/index.php\/wp-json\/wp\/v2\/comments?post=381"}],"version-history":[{"count":27,"href":"https:\/\/www.jmontblanc.fr\/index.php\/wp-json\/wp\/v2\/pages\/381\/revisions"}],"predecessor-version":[{"id":2371,"href":"https:\/\/www.jmontblanc.fr\/index.php\/wp-json\/wp\/v2\/pages\/381\/revisions\/2371"}],"wp:attachment":[{"href":"https:\/\/www.jmontblanc.fr\/index.php\/wp-json\/wp\/v2\/media?parent=381"}],"curies":[{"name":"wp","href":"https:\/\/api.w.org\/{rel}","templated":true}]}}