{"id":422,"date":"2016-03-31T12:55:22","date_gmt":"2016-03-31T11:55:22","guid":{"rendered":"http:\/\/www.jmontblanc.fr\/?page_id=422"},"modified":"2022-03-31T14:33:47","modified_gmt":"2022-03-31T13:33:47","slug":"activite-agricole-8","status":"publish","type":"page","link":"https:\/\/www.jmontblanc.fr\/index.php\/activite-agricole-8\/","title":{"rendered":"Activit\u00e9 agricole &#8211; Secteur Samo\u00ebns &#8211; Mont-Blanc"},"content":{"rendered":"<div class=\"wpb-content-wrapper\">[vc_row][vc_column][vc_column_text]\n<h2><span style=\"color: #008000;\">Vos interlocuteurs<\/span><\/h2>\n<p><strong>Conseiller technico-commercial :<\/strong> Yannick\u00a0 CHALLAMEL \/ 06 25 36 04 40 \/ <a href=\"mailto:y.challamel@jmontblanc.fr\">y.challamel@jmontblanc.fr<\/a><\/p>\n<p><strong>Nutritionniste :<\/strong> Fran\u00e7ois-Pierre G\u00c9RARD \/ 06 87 72 34 52\/ <a href=\"mailto:fp.gerard@jmontblanc.fr\">fp.gerard@jmontblanc.fr<\/a><\/p>\n<p><strong>Conseiller Hygi\u00e8ne &#8211; Nutritionnels &#8211; Mat\u00e9riel d&rsquo;\u00e9levage<\/strong> : Nicolas ARANDEL \/ 06 85 91 28 81 \/ <a href=\"mailto:n.arandel@jmontblanc.fr\">n.arandel@jmontblanc.fr<\/a><\/p>\n<h3><\/h3>\n<h2><span style=\"color: #008000;\">Votre d\u00e9p\u00f4t<\/span><\/h2>\n<div><strong>Bonneville<\/strong><\/div>\n<div>296 avenue de la gare<\/div>\n<div>74130 BONNEVILLE<\/div>\n<div>Tel : 04 50 97 10 66<\/div>\n<div>Mail : <a href=\"mailto:bonneville.depot@jmontblanc.fr\">bonneville.depot@jmontblanc.fr<\/a><\/div>\n<h3><\/h3>\n<p><a href=\"https:\/\/www.jmontblanc.fr\/index.php\/activite-agricole\/\">&lt;&#8211; Retour \u00e0 la liste des secteurs<\/a>[\/vc_column_text][\/vc_column][\/vc_row]\n<\/div>","protected":false},"excerpt":{"rendered":"<p>[vc_row][vc_column][vc_column_text] Vos interlocuteurs Conseiller technico-commercial : Yannick\u00a0 CHALLAMEL \/ 06 25 36 04 40 \/ y.challamel@jmontblanc.fr Nutritionniste : Fran\u00e7ois-Pierre G\u00c9RARD \/ 06 87 72 34 52\/ fp.gerard@jmontblanc.fr Conseiller Hygi\u00e8ne &#8211; Nutritionnels &#8211; Mat\u00e9riel d&rsquo;\u00e9levage : Nicolas ARANDEL \/ 06 85 91 28 81 \/ n.arandel@jmontblanc.fr Votre d\u00e9p\u00f4t Bonneville 296 avenue de la gare 74130 BONNEVILLE&hellip;<\/p>\n","protected":false},"author":3,"featured_media":0,"parent":0,"menu_order":0,"comment_status":"closed","ping_status":"closed","template":"","meta":{"_exactmetrics_skip_tracking":false,"_exactmetrics_sitenote_active":false,"_exactmetrics_sitenote_note":"","_exactmetrics_sitenote_category":0,"jetpack_post_was_ever_published":false,"footnotes":""},"class_list":["post-422","page","type-page","status-publish","hentry","entry","no-media"],"yoast_head":"<!-- This site is optimized with the Yoast SEO plugin v27.2 - https:\/\/yoast.com\/product\/yoast-seo-wordpress\/ -->\n<title>Activit\u00e9 agricole - Secteur Samo\u00ebns - Mont-Blanc - Groupe JURA MONT-BLANC<\/title>\n<meta name=\"robots\" content=\"index, follow, max-snippet:-1, max-image-preview:large, max-video-preview:-1\" \/>\n<link rel=\"canonical\" href=\"https:\/\/www.jmontblanc.fr\/index.php\/activite-agricole-8\/\" \/>\n<meta property=\"og:locale\" content=\"fr_FR\" \/>\n<meta property=\"og:type\" content=\"article\" \/>\n<meta property=\"og:title\" content=\"Activit\u00e9 agricole - Secteur Samo\u00ebns - Mont-Blanc - Groupe JURA MONT-BLANC\" \/>\n<meta property=\"og:description\" content=\"[vc_row][vc_column][vc_column_text] Vos interlocuteurs Conseiller technico-commercial : Yannick\u00a0 CHALLAMEL \/ 06 25 36 04 40 \/ y.challamel@jmontblanc.fr Nutritionniste : Fran\u00e7ois-Pierre G\u00c9RARD \/ 06 87 72 34 52\/ fp.gerard@jmontblanc.fr Conseiller Hygi\u00e8ne &#8211; Nutritionnels &#8211; Mat\u00e9riel d&rsquo;\u00e9levage : Nicolas ARANDEL \/ 06 85 91 28 81 \/ n.arandel@jmontblanc.fr Votre d\u00e9p\u00f4t Bonneville 296 avenue de la gare 74130 BONNEVILLE&hellip;\" \/>\n<meta property=\"og:url\" content=\"https:\/\/www.jmontblanc.fr\/index.php\/activite-agricole-8\/\" \/>\n<meta property=\"og:site_name\" content=\"Groupe JURA MONT-BLANC\" \/>\n<meta property=\"article:modified_time\" content=\"2022-03-31T13:33:47+00:00\" \/>\n<meta name=\"twitter:card\" content=\"summary_large_image\" \/>\n<meta name=\"twitter:label1\" content=\"Dur\u00e9e de lecture estim\u00e9e\" \/>\n\t<meta name=\"twitter:data1\" content=\"1 minute\" \/>\n<script type=\"application\/ld+json\" class=\"yoast-schema-graph\">{\"@context\":\"https:\/\/schema.org\",\"@graph\":[{\"@type\":\"WebPage\",\"@id\":\"https:\/\/www.jmontblanc.fr\/index.php\/activite-agricole-8\/\",\"url\":\"https:\/\/www.jmontblanc.fr\/index.php\/activite-agricole-8\/\",\"name\":\"Activit\u00e9 agricole - Secteur Samo\u00ebns - Mont-Blanc - Groupe JURA MONT-BLANC\",\"isPartOf\":{\"@id\":\"https:\/\/www.jmontblanc.fr\/#website\"},\"datePublished\":\"2016-03-31T11:55:22+00:00\",\"dateModified\":\"2022-03-31T13:33:47+00:00\",\"breadcrumb\":{\"@id\":\"https:\/\/www.jmontblanc.fr\/index.php\/activite-agricole-8\/#breadcrumb\"},\"inLanguage\":\"fr-FR\",\"potentialAction\":[{\"@type\":\"ReadAction\",\"target\":[\"https:\/\/www.jmontblanc.fr\/index.php\/activite-agricole-8\/\"]}]},{\"@type\":\"BreadcrumbList\",\"@id\":\"https:\/\/www.jmontblanc.fr\/index.php\/activite-agricole-8\/#breadcrumb\",\"itemListElement\":[{\"@type\":\"ListItem\",\"position\":1,\"name\":\"Accueil\",\"item\":\"https:\/\/www.jmontblanc.fr\/\"},{\"@type\":\"ListItem\",\"position\":2,\"name\":\"Activit\u00e9 agricole &#8211; Secteur Samo\u00ebns &#8211; Mont-Blanc\"}]},{\"@type\":\"WebSite\",\"@id\":\"https:\/\/www.jmontblanc.fr\/#website\",\"url\":\"https:\/\/www.jmontblanc.fr\/\",\"name\":\"Groupe JURA MONT-BLANC\",\"description\":\"\",\"publisher\":{\"@id\":\"https:\/\/www.jmontblanc.fr\/#organization\"},\"potentialAction\":[{\"@type\":\"SearchAction\",\"target\":{\"@type\":\"EntryPoint\",\"urlTemplate\":\"https:\/\/www.jmontblanc.fr\/?s={search_term_string}\"},\"query-input\":{\"@type\":\"PropertyValueSpecification\",\"valueRequired\":true,\"valueName\":\"search_term_string\"}}],\"inLanguage\":\"fr-FR\"},{\"@type\":\"Organization\",\"@id\":\"https:\/\/www.jmontblanc.fr\/#organization\",\"name\":\"Groupe JURA MONT-BLANC\",\"url\":\"https:\/\/www.jmontblanc.fr\/\",\"logo\":{\"@type\":\"ImageObject\",\"inLanguage\":\"fr-FR\",\"@id\":\"https:\/\/www.jmontblanc.fr\/#\/schema\/logo\/image\/\",\"url\":\"https:\/\/i0.wp.com\/www.jmontblanc.fr\/jmb_wp\/wp-content\/uploads\/2019\/05\/logo-jura-mont-blanc.png?fit=150%2C124&ssl=1\",\"contentUrl\":\"https:\/\/i0.wp.com\/www.jmontblanc.fr\/jmb_wp\/wp-content\/uploads\/2019\/05\/logo-jura-mont-blanc.png?fit=150%2C124&ssl=1\",\"width\":150,\"height\":124,\"caption\":\"Groupe JURA MONT-BLANC\"},\"image\":{\"@id\":\"https:\/\/www.jmontblanc.fr\/#\/schema\/logo\/image\/\"}}]}<\/script>\n<!-- \/ Yoast SEO plugin. -->","yoast_head_json":{"title":"Activit\u00e9 agricole - Secteur Samo\u00ebns - Mont-Blanc - Groupe JURA MONT-BLANC","robots":{"index":"index","follow":"follow","max-snippet":"max-snippet:-1","max-image-preview":"max-image-preview:large","max-video-preview":"max-video-preview:-1"},"canonical":"https:\/\/www.jmontblanc.fr\/index.php\/activite-agricole-8\/","og_locale":"fr_FR","og_type":"article","og_title":"Activit\u00e9 agricole - Secteur Samo\u00ebns - Mont-Blanc - Groupe JURA MONT-BLANC","og_description":"[vc_row][vc_column][vc_column_text] Vos interlocuteurs Conseiller technico-commercial : Yannick\u00a0 CHALLAMEL \/ 06 25 36 04 40 \/ y.challamel@jmontblanc.fr Nutritionniste : Fran\u00e7ois-Pierre G\u00c9RARD \/ 06 87 72 34 52\/ fp.gerard@jmontblanc.fr Conseiller Hygi\u00e8ne &#8211; Nutritionnels &#8211; Mat\u00e9riel d&rsquo;\u00e9levage : Nicolas ARANDEL \/ 06 85 91 28 81 \/ n.arandel@jmontblanc.fr Votre d\u00e9p\u00f4t Bonneville 296 avenue de la gare 74130 BONNEVILLE&hellip;","og_url":"https:\/\/www.jmontblanc.fr\/index.php\/activite-agricole-8\/","og_site_name":"Groupe JURA MONT-BLANC","article_modified_time":"2022-03-31T13:33:47+00:00","twitter_card":"summary_large_image","twitter_misc":{"Dur\u00e9e de lecture estim\u00e9e":"1 minute"},"schema":{"@context":"https:\/\/schema.org","@graph":[{"@type":"WebPage","@id":"https:\/\/www.jmontblanc.fr\/index.php\/activite-agricole-8\/","url":"https:\/\/www.jmontblanc.fr\/index.php\/activite-agricole-8\/","name":"Activit\u00e9 agricole - Secteur Samo\u00ebns - Mont-Blanc - Groupe JURA MONT-BLANC","isPartOf":{"@id":"https:\/\/www.jmontblanc.fr\/#website"},"datePublished":"2016-03-31T11:55:22+00:00","dateModified":"2022-03-31T13:33:47+00:00","breadcrumb":{"@id":"https:\/\/www.jmontblanc.fr\/index.php\/activite-agricole-8\/#breadcrumb"},"inLanguage":"fr-FR","potentialAction":[{"@type":"ReadAction","target":["https:\/\/www.jmontblanc.fr\/index.php\/activite-agricole-8\/"]}]},{"@type":"BreadcrumbList","@id":"https:\/\/www.jmontblanc.fr\/index.php\/activite-agricole-8\/#breadcrumb","itemListElement":[{"@type":"ListItem","position":1,"name":"Accueil","item":"https:\/\/www.jmontblanc.fr\/"},{"@type":"ListItem","position":2,"name":"Activit\u00e9 agricole &#8211; Secteur Samo\u00ebns &#8211; Mont-Blanc"}]},{"@type":"WebSite","@id":"https:\/\/www.jmontblanc.fr\/#website","url":"https:\/\/www.jmontblanc.fr\/","name":"Groupe JURA MONT-BLANC","description":"","publisher":{"@id":"https:\/\/www.jmontblanc.fr\/#organization"},"potentialAction":[{"@type":"SearchAction","target":{"@type":"EntryPoint","urlTemplate":"https:\/\/www.jmontblanc.fr\/?s={search_term_string}"},"query-input":{"@type":"PropertyValueSpecification","valueRequired":true,"valueName":"search_term_string"}}],"inLanguage":"fr-FR"},{"@type":"Organization","@id":"https:\/\/www.jmontblanc.fr\/#organization","name":"Groupe JURA MONT-BLANC","url":"https:\/\/www.jmontblanc.fr\/","logo":{"@type":"ImageObject","inLanguage":"fr-FR","@id":"https:\/\/www.jmontblanc.fr\/#\/schema\/logo\/image\/","url":"https:\/\/i0.wp.com\/www.jmontblanc.fr\/jmb_wp\/wp-content\/uploads\/2019\/05\/logo-jura-mont-blanc.png?fit=150%2C124&ssl=1","contentUrl":"https:\/\/i0.wp.com\/www.jmontblanc.fr\/jmb_wp\/wp-content\/uploads\/2019\/05\/logo-jura-mont-blanc.png?fit=150%2C124&ssl=1","width":150,"height":124,"caption":"Groupe JURA MONT-BLANC"},"image":{"@id":"https:\/\/www.jmontblanc.fr\/#\/schema\/logo\/image\/"}}]}},"jetpack_sharing_enabled":true,"jetpack_shortlink":"https:\/\/wp.me\/P7bCFA-6O","_links":{"self":[{"href":"https:\/\/www.jmontblanc.fr\/index.php\/wp-json\/wp\/v2\/pages\/422","targetHints":{"allow":["GET"]}}],"collection":[{"href":"https:\/\/www.jmontblanc.fr\/index.php\/wp-json\/wp\/v2\/pages"}],"about":[{"href":"https:\/\/www.jmontblanc.fr\/index.php\/wp-json\/wp\/v2\/types\/page"}],"author":[{"embeddable":true,"href":"https:\/\/www.jmontblanc.fr\/index.php\/wp-json\/wp\/v2\/users\/3"}],"replies":[{"embeddable":true,"href":"https:\/\/www.jmontblanc.fr\/index.php\/wp-json\/wp\/v2\/comments?post=422"}],"version-history":[{"count":15,"href":"https:\/\/www.jmontblanc.fr\/index.php\/wp-json\/wp\/v2\/pages\/422\/revisions"}],"predecessor-version":[{"id":2204,"href":"https:\/\/www.jmontblanc.fr\/index.php\/wp-json\/wp\/v2\/pages\/422\/revisions\/2204"}],"wp:attachment":[{"href":"https:\/\/www.jmontblanc.fr\/index.php\/wp-json\/wp\/v2\/media?parent=422"}],"curies":[{"name":"wp","href":"https:\/\/api.w.org\/{rel}","templated":true}]}}