{"id":54,"date":"2016-01-25T16:34:33","date_gmt":"2016-01-25T15:34:33","guid":{"rendered":"http:\/\/www.jmontblanc.fr\/?page_id=54"},"modified":"2022-09-23T13:39:38","modified_gmt":"2022-09-23T12:39:38","slug":"gamm-vert","status":"publish","type":"page","link":"https:\/\/www.jmontblanc.fr\/index.php\/gamm-vert\/","title":{"rendered":"Grand public"},"content":{"rendered":"<div class=\"wpb-content-wrapper\">[vc_row][vc_column]<div class=\"vcex-spacing wpex-w-100 wpex-clear\"><\/div>[\/vc_column][\/vc_row][vc_row][vc_column width=\u00a0\u00bb1\/2&Prime;]<figure class=\"vcex-image vcex-module\"><div class=\"vcex-image-inner wpex-relative wpex-inline-block\"><img width=\"851\" height=\"315\" src=\"https:\/\/i0.wp.com\/www.jmontblanc.fr\/jmb_wp\/wp-content\/uploads\/2019\/06\/28377909_1079450888860621_1856205275113949197_n.jpg?fit=851%2C315&amp;ssl=1\" class=\"vcex-image-img wpex-align-middle\" alt=\"\" loading=\"lazy\" decoding=\"async\" srcset=\"https:\/\/i0.wp.com\/www.jmontblanc.fr\/jmb_wp\/wp-content\/uploads\/2019\/06\/28377909_1079450888860621_1856205275113949197_n.jpg?w=851&amp;ssl=1 851w, https:\/\/i0.wp.com\/www.jmontblanc.fr\/jmb_wp\/wp-content\/uploads\/2019\/06\/28377909_1079450888860621_1856205275113949197_n.jpg?resize=300%2C111&amp;ssl=1 300w, https:\/\/i0.wp.com\/www.jmontblanc.fr\/jmb_wp\/wp-content\/uploads\/2019\/06\/28377909_1079450888860621_1856205275113949197_n.jpg?resize=768%2C284&amp;ssl=1 768w\" sizes=\"auto, (max-width: 851px) 100vw, 851px\" \/><\/div><\/figure>[\/vc_column][vc_column width=\u00a0\u00bb1\/2&Prime;][vc_column_text font_size=\u00a0\u00bb40&Prime; font_weight=\u00a0\u00bb600&Prime; text_align=\u00a0\u00bbcenter\u00a0\u00bb]\n<p style=\"text-align: left;\"><span style=\"font-size: 32px;\"><strong>Gamm vert<\/strong><\/span><\/p>\n[\/vc_column_text][vc_column_text]<span style=\"color: #008000;\"><strong>Gamm vert, l\u2019enseigne de proximit\u00e9 qui valorise le produire soi-m\u00eame\u00a0<\/strong><\/span>: avec plus de 1000 points de vente sur l&rsquo;ensemble du territoire francilien, Gamm vert est la jardinerie de proximit\u00e9 n\u00b01 en France. Tout en consolidant sa promesse \u00ab Produire soi-m\u00eame, \u00e7a change tout ! \u00bb, l\u2019ambition pour Gamm vert est de creuser le sillon de la proximit\u00e9, au plus pr\u00e8s des besoins des territoires, notamment ruraux.[\/vc_column_text][\/vc_column][\/vc_row][vc_row][vc_column]<div class=\"vcex-spacing wpex-w-100 wpex-clear\"><\/div>[\/vc_column][\/vc_row][vc_section css=\u00a0\u00bb.vc_custom_1559637858852{background-color: #dddddd !important;}\u00a0\u00bb][vc_row css=\u00a0\u00bb.vc_custom_1559637760392{padding-top: 30px !important;padding-right: 30px !important;padding-left: 30px !important;}\u00a0\u00bb][vc_column width=\u00a0\u00bb1\/3&Prime; css=\u00a0\u00bb.vc_custom_1559643967922{padding-top: 10px !important;}\u00a0\u00bb][vc_column_text font_size=\u00a0\u00bb40&Prime; font_weight=\u00a0\u00bb600&Prime;]\n<p style=\"text-align: center;\"><span style=\"font-size: 32px;\"><strong>20 magasins<\/strong><\/span><\/p>\n[\/vc_column_text][vc_column_text]\n<p style=\"text-align: left;\"><span style=\"color: #008000;\"><span style=\"color: #4a4949;\">La coop\u00e9rative g\u00e8re en franchise<\/span><\/span><span style=\"color: #008000;\"><strong> 13 magasins en format Gamm vert,<\/strong><\/span> <span style=\"color: #008000;\"><strong>6 en format Gamm vert Village &amp; 1 en format Jardineries du terroir<\/strong><\/span>. Ils sont r\u00e9partis sur les deux Savoie et l\u2019Ain, \u00e0 moins de trente kilom\u00e8tres les uns des autres, ce qui permet un r\u00e9el service de proximit\u00e9.<\/p>\n[\/vc_column_text][\/vc_column][vc_column width=\u00a0\u00bb1\/3&Prime; css=\u00a0\u00bb.vc_custom_1559643980656{padding-top: 10px !important;}\u00a0\u00bb]<div class=\"vcex-spacing wpex-w-100 wpex-clear\" style=\"height:10px;\"><\/div>[vc_column_text]\n<p style=\"text-align: center;\"><strong><span style=\"font-size: 32px;\">1 centrale d&rsquo;achat<\/span><\/strong><\/p>\n[\/vc_column_text][vc_column_text]\n<p style=\"text-align: justify;\">Pour accompagner l\u2019approvisionnement de nos magasins, Jura Mont-Blanc adh\u00e8re \u00e0 la plateforme de distribution <span style=\"color: #008000;\"><strong>GVSE (Gamm vert Sud-Est)<\/strong><\/span> dont le si\u00e8ge et l&rsquo;entrep\u00f4t sont situ\u00e9s \u00e0 St Priest (69). Cette proximit\u00e9 apporte un service de livraison hebdomadaire et une possibilit\u00e9 de stockage pour chaque magasin.<\/p>\n[\/vc_column_text][\/vc_column][vc_column width=\u00a0\u00bb1\/3&Prime;]<div class=\"vcex-spacing wpex-w-100 wpex-clear\" style=\"height:18px;\"><\/div>[vc_column_text]\n<p style=\"text-align: center;\"><span style=\"font-size: 32px;\"><strong>50 000 r\u00e9f\u00e9rences<\/strong> <\/span><\/p>\n[\/vc_column_text][vc_column_text]Plus de <span style=\"color: #008000;\"><strong>50 000 r\u00e9f\u00e9rences<\/strong> <\/span>sont pr\u00e9sentes dans nos magasins pour r\u00e9pondre \u00e0 la demande de la population locale dans les<span style=\"color: #008000;\"> <strong>rayons jardinage, v\u00e9g\u00e9taux, \u00e9levage, \u00e9quipements, alimentation animale, v\u00eatements et produits r\u00e9gionaux.<\/strong><\/span>[\/vc_column_text][\/vc_column][\/vc_row][\/vc_section][vc_row][vc_column width=\u00a0\u00bb1\/3&Prime;]<figure class=\"vcex-image vcex-module wpex-text-center\"><div class=\"vcex-image-inner wpex-relative wpex-inline-block vc_custom_1663936689133\"><img loading=\"lazy\" class=\"vcex-image-img wpex-align-middle\" decoding=\"async\" src=\"https:\/\/i0.wp.com\/www.jmontblanc.fr\/jmb_wp\/wp-content\/uploads\/2022\/09\/LOGO_GVV_2022.png?fit=300%2C102&#038;ssl=1\" alt=\"\" srcset=\"https:\/\/i0.wp.com\/www.jmontblanc.fr\/jmb_wp\/wp-content\/uploads\/2022\/09\/LOGO_GVV_2022.png?w=2168&amp;ssl=1 2168w, https:\/\/i0.wp.com\/www.jmontblanc.fr\/jmb_wp\/wp-content\/uploads\/2022\/09\/LOGO_GVV_2022.png?resize=300%2C102&amp;ssl=1 300w, https:\/\/i0.wp.com\/www.jmontblanc.fr\/jmb_wp\/wp-content\/uploads\/2022\/09\/LOGO_GVV_2022.png?resize=1024%2C347&amp;ssl=1 1024w, https:\/\/i0.wp.com\/www.jmontblanc.fr\/jmb_wp\/wp-content\/uploads\/2022\/09\/LOGO_GVV_2022.png?resize=768%2C260&amp;ssl=1 768w, https:\/\/i0.wp.com\/www.jmontblanc.fr\/jmb_wp\/wp-content\/uploads\/2022\/09\/LOGO_GVV_2022.png?resize=1536%2C520&amp;ssl=1 1536w, https:\/\/i0.wp.com\/www.jmontblanc.fr\/jmb_wp\/wp-content\/uploads\/2022\/09\/LOGO_GVV_2022.png?resize=2048%2C693&amp;ssl=1 2048w, https:\/\/i0.wp.com\/www.jmontblanc.fr\/jmb_wp\/wp-content\/uploads\/2022\/09\/LOGO_GVV_2022.png?w=1960&amp;ssl=1 1960w\" width=\"300\" height=\"102\"><\/div><\/figure>[\/vc_column][vc_column width=\u00a0\u00bb1\/3&Prime;]<figure class=\"vcex-image vcex-module wpex-text-center\"><div class=\"vcex-image-inner wpex-relative wpex-inline-block vc_custom_1663936695550\"><img loading=\"lazy\" class=\"vcex-image-img wpex-align-middle\" decoding=\"async\" src=\"https:\/\/i0.wp.com\/www.jmontblanc.fr\/jmb_wp\/wp-content\/uploads\/2022\/09\/LOGO_GV_2022_VERT.png?fit=300%2C68&#038;ssl=1\" alt=\"\" srcset=\"https:\/\/i0.wp.com\/www.jmontblanc.fr\/jmb_wp\/wp-content\/uploads\/2022\/09\/LOGO_GV_2022_VERT.png?w=1899&amp;ssl=1 1899w, https:\/\/i0.wp.com\/www.jmontblanc.fr\/jmb_wp\/wp-content\/uploads\/2022\/09\/LOGO_GV_2022_VERT.png?resize=300%2C68&amp;ssl=1 300w, https:\/\/i0.wp.com\/www.jmontblanc.fr\/jmb_wp\/wp-content\/uploads\/2022\/09\/LOGO_GV_2022_VERT.png?resize=1024%2C233&amp;ssl=1 1024w, https:\/\/i0.wp.com\/www.jmontblanc.fr\/jmb_wp\/wp-content\/uploads\/2022\/09\/LOGO_GV_2022_VERT.png?resize=768%2C175&amp;ssl=1 768w, https:\/\/i0.wp.com\/www.jmontblanc.fr\/jmb_wp\/wp-content\/uploads\/2022\/09\/LOGO_GV_2022_VERT.png?resize=1536%2C349&amp;ssl=1 1536w\" width=\"300\" height=\"68\"><\/div><\/figure>[\/vc_column][vc_column width=\u00a0\u00bb1\/3&Prime;]<figure class=\"vcex-image vcex-module wpex-text-center\"><div class=\"vcex-image-inner wpex-relative wpex-inline-block vc_custom_1663936775072\"><img loading=\"lazy\" class=\"vcex-image-img wpex-align-middle\" decoding=\"async\" src=\"https:\/\/i0.wp.com\/www.jmontblanc.fr\/jmb_wp\/wp-content\/uploads\/2019\/06\/Logo-JDT-hauteur-quadri.jpg?resize=150%2C150&#038;ssl=1\" alt=\"\" srcset=\"https:\/\/i0.wp.com\/www.jmontblanc.fr\/jmb_wp\/wp-content\/uploads\/2019\/06\/Logo-JDT-hauteur-quadri.jpg?resize=150%2C150&amp;ssl=1 150w, https:\/\/i0.wp.com\/www.jmontblanc.fr\/jmb_wp\/wp-content\/uploads\/2019\/06\/Logo-JDT-hauteur-quadri.jpg?zoom=2&amp;resize=150%2C150&amp;ssl=1 300w, https:\/\/i0.wp.com\/www.jmontblanc.fr\/jmb_wp\/wp-content\/uploads\/2019\/06\/Logo-JDT-hauteur-quadri.jpg?zoom=3&amp;resize=150%2C150&amp;ssl=1 450w\" width=\"150\" height=\"150\"><\/div><\/figure>[\/vc_column][\/vc_row][vc_row][vc_column][vc_column_text]<span style=\"font-size: 18px;\">Pour plus d&rsquo;informations, rendez-vous sur <\/span><a href=\"https:\/\/www.gammvert.fr\/\" target=\"_blank\" rel=\"noopener noreferrer\"><span style=\"font-size: 18px;\">www.gammvert.fr.<\/span><\/a>[\/vc_column_text][\/vc_column][\/vc_row]\n<\/div>","protected":false},"excerpt":{"rendered":"<p>L\u2019enseigne Gamm vert est repr\u00e9sent\u00e9e par plus de 1100 magasins franchis\u00e9s en France.<br \/>\nElle appartient \u00e0 l\u2019union nationale des coop\u00e9ratives agricoles \u00abInvivo\u00bb.<\/p>\n","protected":false},"author":3,"featured_media":2275,"parent":0,"menu_order":4,"comment_status":"closed","ping_status":"closed","template":"","meta":{"_exactmetrics_skip_tracking":false,"_exactmetrics_sitenote_active":false,"_exactmetrics_sitenote_note":"","_exactmetrics_sitenote_category":0,"jetpack_post_was_ever_published":false,"footnotes":""},"class_list":["post-54","page","type-page","status-publish","has-post-thumbnail","hentry","entry","has-media"],"yoast_head":"<!-- This site is optimized with the Yoast SEO plugin v27.2 - https:\/\/yoast.com\/product\/yoast-seo-wordpress\/ -->\n<title>Grand public - Groupe JURA MONT-BLANC<\/title>\n<meta name=\"robots\" content=\"index, follow, max-snippet:-1, max-image-preview:large, max-video-preview:-1\" \/>\n<link rel=\"canonical\" href=\"https:\/\/www.jmontblanc.fr\/index.php\/gamm-vert\/\" \/>\n<meta property=\"og:locale\" content=\"fr_FR\" \/>\n<meta property=\"og:type\" content=\"article\" \/>\n<meta property=\"og:title\" content=\"Grand public - Groupe JURA MONT-BLANC\" \/>\n<meta property=\"og:description\" content=\"L\u2019enseigne Gamm vert est repr\u00e9sent\u00e9e par plus de 1100 magasins franchis\u00e9s en France. Elle appartient \u00e0 l\u2019union nationale des coop\u00e9ratives agricoles \u00abInvivo\u00bb.\" \/>\n<meta property=\"og:url\" content=\"https:\/\/www.jmontblanc.fr\/index.php\/gamm-vert\/\" \/>\n<meta property=\"og:site_name\" content=\"Groupe JURA MONT-BLANC\" \/>\n<meta property=\"article:modified_time\" content=\"2022-09-23T12:39:38+00:00\" \/>\n<meta property=\"og:image\" content=\"https:\/\/i0.wp.com\/www.jmontblanc.fr\/jmb_wp\/wp-content\/uploads\/2022\/09\/LOGO_GV_2022_VERT.png?fit=1899%2C432&ssl=1\" \/>\n\t<meta property=\"og:image:width\" content=\"1899\" \/>\n\t<meta property=\"og:image:height\" content=\"432\" \/>\n\t<meta property=\"og:image:type\" content=\"image\/png\" \/>\n<meta name=\"twitter:card\" content=\"summary_large_image\" \/>\n<meta name=\"twitter:label1\" content=\"Dur\u00e9e de lecture estim\u00e9e\" \/>\n\t<meta name=\"twitter:data1\" content=\"2 minutes\" \/>\n<script type=\"application\/ld+json\" class=\"yoast-schema-graph\">{\"@context\":\"https:\/\/schema.org\",\"@graph\":[{\"@type\":\"WebPage\",\"@id\":\"https:\/\/www.jmontblanc.fr\/index.php\/gamm-vert\/\",\"url\":\"https:\/\/www.jmontblanc.fr\/index.php\/gamm-vert\/\",\"name\":\"Grand public - Groupe JURA MONT-BLANC\",\"isPartOf\":{\"@id\":\"https:\/\/www.jmontblanc.fr\/#website\"},\"primaryImageOfPage\":{\"@id\":\"https:\/\/www.jmontblanc.fr\/index.php\/gamm-vert\/#primaryimage\"},\"image\":{\"@id\":\"https:\/\/www.jmontblanc.fr\/index.php\/gamm-vert\/#primaryimage\"},\"thumbnailUrl\":\"https:\/\/i0.wp.com\/www.jmontblanc.fr\/jmb_wp\/wp-content\/uploads\/2022\/09\/LOGO_GV_2022_VERT.png?fit=1899%2C432&ssl=1\",\"datePublished\":\"2016-01-25T15:34:33+00:00\",\"dateModified\":\"2022-09-23T12:39:38+00:00\",\"breadcrumb\":{\"@id\":\"https:\/\/www.jmontblanc.fr\/index.php\/gamm-vert\/#breadcrumb\"},\"inLanguage\":\"fr-FR\",\"potentialAction\":[{\"@type\":\"ReadAction\",\"target\":[\"https:\/\/www.jmontblanc.fr\/index.php\/gamm-vert\/\"]}]},{\"@type\":\"ImageObject\",\"inLanguage\":\"fr-FR\",\"@id\":\"https:\/\/www.jmontblanc.fr\/index.php\/gamm-vert\/#primaryimage\",\"url\":\"https:\/\/i0.wp.com\/www.jmontblanc.fr\/jmb_wp\/wp-content\/uploads\/2022\/09\/LOGO_GV_2022_VERT.png?fit=1899%2C432&ssl=1\",\"contentUrl\":\"https:\/\/i0.wp.com\/www.jmontblanc.fr\/jmb_wp\/wp-content\/uploads\/2022\/09\/LOGO_GV_2022_VERT.png?fit=1899%2C432&ssl=1\",\"width\":1899,\"height\":432},{\"@type\":\"BreadcrumbList\",\"@id\":\"https:\/\/www.jmontblanc.fr\/index.php\/gamm-vert\/#breadcrumb\",\"itemListElement\":[{\"@type\":\"ListItem\",\"position\":1,\"name\":\"Accueil\",\"item\":\"https:\/\/www.jmontblanc.fr\/\"},{\"@type\":\"ListItem\",\"position\":2,\"name\":\"Grand public\"}]},{\"@type\":\"WebSite\",\"@id\":\"https:\/\/www.jmontblanc.fr\/#website\",\"url\":\"https:\/\/www.jmontblanc.fr\/\",\"name\":\"Groupe JURA MONT-BLANC\",\"description\":\"\",\"publisher\":{\"@id\":\"https:\/\/www.jmontblanc.fr\/#organization\"},\"potentialAction\":[{\"@type\":\"SearchAction\",\"target\":{\"@type\":\"EntryPoint\",\"urlTemplate\":\"https:\/\/www.jmontblanc.fr\/?s={search_term_string}\"},\"query-input\":{\"@type\":\"PropertyValueSpecification\",\"valueRequired\":true,\"valueName\":\"search_term_string\"}}],\"inLanguage\":\"fr-FR\"},{\"@type\":\"Organization\",\"@id\":\"https:\/\/www.jmontblanc.fr\/#organization\",\"name\":\"Groupe JURA MONT-BLANC\",\"url\":\"https:\/\/www.jmontblanc.fr\/\",\"logo\":{\"@type\":\"ImageObject\",\"inLanguage\":\"fr-FR\",\"@id\":\"https:\/\/www.jmontblanc.fr\/#\/schema\/logo\/image\/\",\"url\":\"https:\/\/i0.wp.com\/www.jmontblanc.fr\/jmb_wp\/wp-content\/uploads\/2019\/05\/logo-jura-mont-blanc.png?fit=150%2C124&ssl=1\",\"contentUrl\":\"https:\/\/i0.wp.com\/www.jmontblanc.fr\/jmb_wp\/wp-content\/uploads\/2019\/05\/logo-jura-mont-blanc.png?fit=150%2C124&ssl=1\",\"width\":150,\"height\":124,\"caption\":\"Groupe JURA MONT-BLANC\"},\"image\":{\"@id\":\"https:\/\/www.jmontblanc.fr\/#\/schema\/logo\/image\/\"}}]}<\/script>\n<!-- \/ Yoast SEO plugin. -->","yoast_head_json":{"title":"Grand public - Groupe JURA MONT-BLANC","robots":{"index":"index","follow":"follow","max-snippet":"max-snippet:-1","max-image-preview":"max-image-preview:large","max-video-preview":"max-video-preview:-1"},"canonical":"https:\/\/www.jmontblanc.fr\/index.php\/gamm-vert\/","og_locale":"fr_FR","og_type":"article","og_title":"Grand public - Groupe JURA MONT-BLANC","og_description":"L\u2019enseigne Gamm vert est repr\u00e9sent\u00e9e par plus de 1100 magasins franchis\u00e9s en France. Elle appartient \u00e0 l\u2019union nationale des coop\u00e9ratives agricoles \u00abInvivo\u00bb.","og_url":"https:\/\/www.jmontblanc.fr\/index.php\/gamm-vert\/","og_site_name":"Groupe JURA MONT-BLANC","article_modified_time":"2022-09-23T12:39:38+00:00","og_image":[{"width":1899,"height":432,"url":"https:\/\/i0.wp.com\/www.jmontblanc.fr\/jmb_wp\/wp-content\/uploads\/2022\/09\/LOGO_GV_2022_VERT.png?fit=1899%2C432&ssl=1","type":"image\/png"}],"twitter_card":"summary_large_image","twitter_misc":{"Dur\u00e9e de lecture estim\u00e9e":"2 minutes"},"schema":{"@context":"https:\/\/schema.org","@graph":[{"@type":"WebPage","@id":"https:\/\/www.jmontblanc.fr\/index.php\/gamm-vert\/","url":"https:\/\/www.jmontblanc.fr\/index.php\/gamm-vert\/","name":"Grand public - Groupe JURA MONT-BLANC","isPartOf":{"@id":"https:\/\/www.jmontblanc.fr\/#website"},"primaryImageOfPage":{"@id":"https:\/\/www.jmontblanc.fr\/index.php\/gamm-vert\/#primaryimage"},"image":{"@id":"https:\/\/www.jmontblanc.fr\/index.php\/gamm-vert\/#primaryimage"},"thumbnailUrl":"https:\/\/i0.wp.com\/www.jmontblanc.fr\/jmb_wp\/wp-content\/uploads\/2022\/09\/LOGO_GV_2022_VERT.png?fit=1899%2C432&ssl=1","datePublished":"2016-01-25T15:34:33+00:00","dateModified":"2022-09-23T12:39:38+00:00","breadcrumb":{"@id":"https:\/\/www.jmontblanc.fr\/index.php\/gamm-vert\/#breadcrumb"},"inLanguage":"fr-FR","potentialAction":[{"@type":"ReadAction","target":["https:\/\/www.jmontblanc.fr\/index.php\/gamm-vert\/"]}]},{"@type":"ImageObject","inLanguage":"fr-FR","@id":"https:\/\/www.jmontblanc.fr\/index.php\/gamm-vert\/#primaryimage","url":"https:\/\/i0.wp.com\/www.jmontblanc.fr\/jmb_wp\/wp-content\/uploads\/2022\/09\/LOGO_GV_2022_VERT.png?fit=1899%2C432&ssl=1","contentUrl":"https:\/\/i0.wp.com\/www.jmontblanc.fr\/jmb_wp\/wp-content\/uploads\/2022\/09\/LOGO_GV_2022_VERT.png?fit=1899%2C432&ssl=1","width":1899,"height":432},{"@type":"BreadcrumbList","@id":"https:\/\/www.jmontblanc.fr\/index.php\/gamm-vert\/#breadcrumb","itemListElement":[{"@type":"ListItem","position":1,"name":"Accueil","item":"https:\/\/www.jmontblanc.fr\/"},{"@type":"ListItem","position":2,"name":"Grand public"}]},{"@type":"WebSite","@id":"https:\/\/www.jmontblanc.fr\/#website","url":"https:\/\/www.jmontblanc.fr\/","name":"Groupe JURA MONT-BLANC","description":"","publisher":{"@id":"https:\/\/www.jmontblanc.fr\/#organization"},"potentialAction":[{"@type":"SearchAction","target":{"@type":"EntryPoint","urlTemplate":"https:\/\/www.jmontblanc.fr\/?s={search_term_string}"},"query-input":{"@type":"PropertyValueSpecification","valueRequired":true,"valueName":"search_term_string"}}],"inLanguage":"fr-FR"},{"@type":"Organization","@id":"https:\/\/www.jmontblanc.fr\/#organization","name":"Groupe JURA MONT-BLANC","url":"https:\/\/www.jmontblanc.fr\/","logo":{"@type":"ImageObject","inLanguage":"fr-FR","@id":"https:\/\/www.jmontblanc.fr\/#\/schema\/logo\/image\/","url":"https:\/\/i0.wp.com\/www.jmontblanc.fr\/jmb_wp\/wp-content\/uploads\/2019\/05\/logo-jura-mont-blanc.png?fit=150%2C124&ssl=1","contentUrl":"https:\/\/i0.wp.com\/www.jmontblanc.fr\/jmb_wp\/wp-content\/uploads\/2019\/05\/logo-jura-mont-blanc.png?fit=150%2C124&ssl=1","width":150,"height":124,"caption":"Groupe JURA MONT-BLANC"},"image":{"@id":"https:\/\/www.jmontblanc.fr\/#\/schema\/logo\/image\/"}}]}},"jetpack_sharing_enabled":true,"jetpack_shortlink":"https:\/\/wp.me\/P7bCFA-S","_links":{"self":[{"href":"https:\/\/www.jmontblanc.fr\/index.php\/wp-json\/wp\/v2\/pages\/54","targetHints":{"allow":["GET"]}}],"collection":[{"href":"https:\/\/www.jmontblanc.fr\/index.php\/wp-json\/wp\/v2\/pages"}],"about":[{"href":"https:\/\/www.jmontblanc.fr\/index.php\/wp-json\/wp\/v2\/types\/page"}],"author":[{"embeddable":true,"href":"https:\/\/www.jmontblanc.fr\/index.php\/wp-json\/wp\/v2\/users\/3"}],"replies":[{"embeddable":true,"href":"https:\/\/www.jmontblanc.fr\/index.php\/wp-json\/wp\/v2\/comments?post=54"}],"version-history":[{"count":31,"href":"https:\/\/www.jmontblanc.fr\/index.php\/wp-json\/wp\/v2\/pages\/54\/revisions"}],"predecessor-version":[{"id":2280,"href":"https:\/\/www.jmontblanc.fr\/index.php\/wp-json\/wp\/v2\/pages\/54\/revisions\/2280"}],"wp:featuredmedia":[{"embeddable":true,"href":"https:\/\/www.jmontblanc.fr\/index.php\/wp-json\/wp\/v2\/media\/2275"}],"wp:attachment":[{"href":"https:\/\/www.jmontblanc.fr\/index.php\/wp-json\/wp\/v2\/media?parent=54"}],"curies":[{"name":"wp","href":"https:\/\/api.w.org\/{rel}","templated":true}]}}