{"id":86,"date":"2016-01-26T14:00:12","date_gmt":"2016-01-26T13:00:12","guid":{"rendered":"http:\/\/www.jmontblanc.fr\/?page_id=86"},"modified":"2019-05-29T15:07:59","modified_gmt":"2019-05-29T14:07:59","slug":"productions-animales","status":"publish","type":"page","link":"https:\/\/www.jmontblanc.fr\/index.php\/activite-agricole\/productions-animales\/","title":{"rendered":"Productions animales"},"content":{"rendered":"<p><a href=\"https:\/\/www.jmontblanc.fr\/index.php\/activite-agricole\/\" target=\"_blank\" rel=\"noopener noreferrer\"><em>Contactez votre interlocuteur JMB<\/em><\/a><\/p>\n<h2>\u00a0<span style=\"text-decoration: underline; color: #712c0f;\">Aliments<\/span><\/h2>\n<p><img data-recalc-dims=\"1\" loading=\"lazy\" decoding=\"async\" class=\" wp-image-482 alignleft\" src=\"https:\/\/i0.wp.com\/www.jmontblanc.fr\/jmb_wp\/wp-content\/uploads\/2016\/01\/IMG_8526.jpg?resize=185%2C247&#038;ssl=1\" alt=\"IMG_8526\" width=\"185\" height=\"247\" srcset=\"https:\/\/i0.wp.com\/www.jmontblanc.fr\/jmb_wp\/wp-content\/uploads\/2016\/01\/IMG_8526.jpg?resize=225%2C300&amp;ssl=1 225w, https:\/\/i0.wp.com\/www.jmontblanc.fr\/jmb_wp\/wp-content\/uploads\/2016\/01\/IMG_8526.jpg?resize=768%2C1024&amp;ssl=1 768w, https:\/\/i0.wp.com\/www.jmontblanc.fr\/jmb_wp\/wp-content\/uploads\/2016\/01\/IMG_8526.jpg?w=1536&amp;ssl=1 1536w\" sizes=\"auto, (max-width: 185px) 100vw, 185px\" \/><\/p>\n<p style=\"text-align: justify;\">Pour r\u00e9pondre aux besoins des exploitations de notre r\u00e9gion d&rsquo;\u00e9levage, nous d\u00e9veloppons <strong>3 gammes d&rsquo;aliments<\/strong> :<\/p>\n<ul style=\"text-align: justify;\">\n<li style=\"list-style-type: none;\">\n<ul style=\"text-align: justify;\">\n<li><strong>EVALP :<\/strong> des aliments fabriqu\u00e9s dans notre usine de Viry, \u00e0 partir des c\u00e9r\u00e9ales collect\u00e9es localement. Ils sont garantis non OGM\n<div style=\"text-indent: 60px;\">et respectent le cahier des charges de l&rsquo;AFTalp (Association des Fromages Traditionnels des Alpes Savoyardes).<\/div>\n<\/li>\n<\/ul>\n<\/li>\n<\/ul>\n<div style=\"text-indent: 60px;\">Une flotte de 4 camions vrac nous permet une optimisation de la logistique pour vous livrer en temps et en heure.<\/div>\n<div style=\"height: 5px; display: block; text-align: justify;\"><\/div>\n<ul style=\"text-align: justify;\">\n<li><strong>SOREAL :<\/strong> une large gamme d&rsquo;aliments fabriqu\u00e9s \u00e0 Vonnas par notre partenaire SOREAL, dans le respect du cahier des charges de l&rsquo;AFTAlp et avec un niveau de qualit\u00e9 \u00e9lev\u00e9. <a href=\"http:\/\/www.groupe-soreal.fr\" target=\"_blank\" rel=\"noopener noreferrer\">www.groupe-soreal.fr<\/a><\/li>\n<\/ul>\n<div style=\"height: 5px; display: block; text-align: justify;\"><\/div>\n<ul style=\"text-align: justify;\">\n<li><strong>DESTRIER :<\/strong> une gamme sp\u00e9cifique pour l&rsquo;\u00e9levage \u00e9quin.<\/li>\n<\/ul>\n<p>&nbsp;<\/p>\n<p style=\"text-align: justify;\"><strong><img data-recalc-dims=\"1\" loading=\"lazy\" decoding=\"async\" class=\"wp-image-481 aligncenter\" src=\"https:\/\/i0.wp.com\/www.jmontblanc.fr\/jmb_wp\/wp-content\/uploads\/2016\/01\/Gammes-aliments.png?resize=585%2C119&#038;ssl=1\" alt=\"Gammes aliments\" width=\"585\" height=\"119\" srcset=\"https:\/\/i0.wp.com\/www.jmontblanc.fr\/jmb_wp\/wp-content\/uploads\/2016\/01\/Gammes-aliments.png?resize=300%2C61&amp;ssl=1 300w, https:\/\/i0.wp.com\/www.jmontblanc.fr\/jmb_wp\/wp-content\/uploads\/2016\/01\/Gammes-aliments.png?resize=768%2C157&amp;ssl=1 768w, https:\/\/i0.wp.com\/www.jmontblanc.fr\/jmb_wp\/wp-content\/uploads\/2016\/01\/Gammes-aliments.png?resize=1024%2C209&amp;ssl=1 1024w, https:\/\/i0.wp.com\/www.jmontblanc.fr\/jmb_wp\/wp-content\/uploads\/2016\/01\/Gammes-aliments.png?w=1599&amp;ssl=1 1599w\" sizes=\"auto, (max-width: 585px) 100vw, 585px\" \/><br \/>\n<\/strong><\/p>\n<h2 style=\"text-align: justify;\"><span style=\"text-decoration: underline; color: #712c0f;\">Fournitures d&rsquo;\u00e9levage<\/span><\/h2>\n<p style=\"text-align: justify;\">En parall\u00e8le de l&rsquo;aliment, nous proposons des gammes de produits n\u00e9cessaires au fonctionnement de l&rsquo;exploitation :<\/p>\n<ul style=\"text-align: justify;\">\n<li>Min\u00e9raux, compl\u00e9ments alimentaires et nutritionnels<\/li>\n<\/ul>\n<ul style=\"text-align: justify;\">\n<li>Aliments d&rsquo;allaitement veau<\/li>\n<\/ul>\n<ul style=\"text-align: justify;\">\n<li>Hygi\u00e8ne de traite<\/li>\n<\/ul>\n<ul style=\"text-align: justify;\">\n<li>Mat\u00e9riel : cl\u00f4tures, tubulaire, abreuvement, b\u00e2timent, quincaillerie&#8230;<\/li>\n<\/ul>\n<p>&nbsp;<\/p>\n<h2 style=\"text-align: justify;\"><span style=\"text-decoration: underline;\"><span style=\"color: #993300; text-decoration: underline;\"><span style=\"color: #712c0f; text-decoration: underline;\">Services et conseils d&rsquo;\u00e9levage<\/span><br \/>\n<\/span><\/span><\/h2>\n<ul>\n<li style=\"text-align: justify;\">3 nutritionnistes<\/li>\n<\/ul>\n<ul>\n<li style=\"text-align: justify;\">2 conseillers relations clients + hygi\u00e8ne-nutrition<\/li>\n<\/ul>\n<ul>\n<li style=\"text-align: justify;\">Le logiciel <strong>ALIPLAN<\/strong> nous permet de calculer les rations de votre troupeau, avec des diagnostics nutritionnels graphiques et optimisation \u00e9conomique.<\/li>\n<\/ul>\n<ul>\n<li style=\"text-align: justify;\">Nos techniciens utilisent le logiciel <strong>ECOLYSER<\/strong> pour calculer vos co\u00fbts de production et mettre en forme vos r\u00e9sultats par rapport \u00e0 un groupe de r\u00e9f\u00e9rence.<\/li>\n<\/ul>\n<ul>\n<li style=\"text-align: justify;\">A la demande, nous pouvons r\u00e9aliser divers diagnostics d&rsquo;\u00e9levage :\n<div style=\"height: 8px; display: block; text-align: justify;\"><\/div>\n<ul>\n<li style=\"text-align: justify;\">Observation de troupeau<\/li>\n<\/ul>\n<div style=\"height: 8px; display: block; text-align: justify;\"><\/div>\n<ul>\n<li style=\"text-align: justify;\">Bousom\u00e8tre<\/li>\n<\/ul>\n<div style=\"height: 8px; display: block; text-align: justify;\"><\/div>\n<ul>\n<li style=\"text-align: justify;\">Diagnostic colostrum pour les veaux<\/li>\n<\/ul>\n<\/li>\n<\/ul>\n<p>&nbsp;<\/p>\n<p><a href=\"https:\/\/www.jmontblanc.fr\/index.php\/activite-agricole\/\" target=\"_blank\" rel=\"noopener noreferrer\"><em>Contactez votre interlocuteur JMB<\/em><\/a><\/p>\n","protected":false},"excerpt":{"rendered":"<p>Pour accompagner les exploitations de nos r\u00e9gions, nous proposons de larges gammes d&rsquo;aliments du b\u00e9tail, de produits et de mat\u00e9riels d&rsquo;\u00e9levage. <\/p>\n","protected":false},"author":3,"featured_media":205,"parent":52,"menu_order":2,"comment_status":"closed","ping_status":"closed","template":"","meta":{"_exactmetrics_skip_tracking":false,"_exactmetrics_sitenote_active":false,"_exactmetrics_sitenote_note":"","_exactmetrics_sitenote_category":0,"jetpack_post_was_ever_published":false,"footnotes":""},"class_list":["post-86","page","type-page","status-publish","has-post-thumbnail","hentry","entry","has-media"],"yoast_head":"<!-- This site is optimized with the Yoast SEO plugin v27.2 - https:\/\/yoast.com\/product\/yoast-seo-wordpress\/ -->\n<title>Productions animales - Groupe JURA MONT-BLANC<\/title>\n<meta name=\"robots\" content=\"index, follow, max-snippet:-1, max-image-preview:large, max-video-preview:-1\" \/>\n<link rel=\"canonical\" href=\"https:\/\/www.jmontblanc.fr\/index.php\/activite-agricole\/productions-animales\/\" \/>\n<meta property=\"og:locale\" content=\"fr_FR\" \/>\n<meta property=\"og:type\" content=\"article\" \/>\n<meta property=\"og:title\" content=\"Productions animales - Groupe JURA MONT-BLANC\" \/>\n<meta property=\"og:description\" content=\"Pour accompagner les exploitations de nos r\u00e9gions, nous proposons de larges gammes d&#039;aliments du b\u00e9tail, de produits et de mat\u00e9riels d&#039;\u00e9levage.\" \/>\n<meta property=\"og:url\" content=\"https:\/\/www.jmontblanc.fr\/index.php\/activite-agricole\/productions-animales\/\" \/>\n<meta property=\"og:site_name\" content=\"Groupe JURA MONT-BLANC\" \/>\n<meta property=\"article:modified_time\" content=\"2019-05-29T14:07:59+00:00\" \/>\n<meta property=\"og:image\" content=\"https:\/\/i0.wp.com\/www.jmontblanc.fr\/jmb_wp\/wp-content\/uploads\/2016\/01\/Logo-evalp.jpg?fit=225%2C200&ssl=1\" \/>\n\t<meta property=\"og:image:width\" content=\"225\" \/>\n\t<meta property=\"og:image:height\" content=\"200\" \/>\n\t<meta property=\"og:image:type\" content=\"image\/jpeg\" \/>\n<meta name=\"twitter:card\" content=\"summary_large_image\" \/>\n<meta name=\"twitter:label1\" content=\"Dur\u00e9e de lecture estim\u00e9e\" \/>\n\t<meta name=\"twitter:data1\" content=\"1 minute\" \/>\n<script type=\"application\/ld+json\" class=\"yoast-schema-graph\">{\"@context\":\"https:\/\/schema.org\",\"@graph\":[{\"@type\":\"WebPage\",\"@id\":\"https:\/\/www.jmontblanc.fr\/index.php\/activite-agricole\/productions-animales\/\",\"url\":\"https:\/\/www.jmontblanc.fr\/index.php\/activite-agricole\/productions-animales\/\",\"name\":\"Productions animales - Groupe JURA MONT-BLANC\",\"isPartOf\":{\"@id\":\"https:\/\/www.jmontblanc.fr\/#website\"},\"primaryImageOfPage\":{\"@id\":\"https:\/\/www.jmontblanc.fr\/index.php\/activite-agricole\/productions-animales\/#primaryimage\"},\"image\":{\"@id\":\"https:\/\/www.jmontblanc.fr\/index.php\/activite-agricole\/productions-animales\/#primaryimage\"},\"thumbnailUrl\":\"https:\/\/i0.wp.com\/www.jmontblanc.fr\/jmb_wp\/wp-content\/uploads\/2016\/01\/Logo-evalp.jpg?fit=225%2C200&ssl=1\",\"datePublished\":\"2016-01-26T13:00:12+00:00\",\"dateModified\":\"2019-05-29T14:07:59+00:00\",\"breadcrumb\":{\"@id\":\"https:\/\/www.jmontblanc.fr\/index.php\/activite-agricole\/productions-animales\/#breadcrumb\"},\"inLanguage\":\"fr-FR\",\"potentialAction\":[{\"@type\":\"ReadAction\",\"target\":[\"https:\/\/www.jmontblanc.fr\/index.php\/activite-agricole\/productions-animales\/\"]}]},{\"@type\":\"ImageObject\",\"inLanguage\":\"fr-FR\",\"@id\":\"https:\/\/www.jmontblanc.fr\/index.php\/activite-agricole\/productions-animales\/#primaryimage\",\"url\":\"https:\/\/i0.wp.com\/www.jmontblanc.fr\/jmb_wp\/wp-content\/uploads\/2016\/01\/Logo-evalp.jpg?fit=225%2C200&ssl=1\",\"contentUrl\":\"https:\/\/i0.wp.com\/www.jmontblanc.fr\/jmb_wp\/wp-content\/uploads\/2016\/01\/Logo-evalp.jpg?fit=225%2C200&ssl=1\",\"width\":225,\"height\":200},{\"@type\":\"BreadcrumbList\",\"@id\":\"https:\/\/www.jmontblanc.fr\/index.php\/activite-agricole\/productions-animales\/#breadcrumb\",\"itemListElement\":[{\"@type\":\"ListItem\",\"position\":1,\"name\":\"Accueil\",\"item\":\"https:\/\/www.jmontblanc.fr\/\"},{\"@type\":\"ListItem\",\"position\":2,\"name\":\"Secteurs G\u00e9ographiques\",\"item\":\"https:\/\/www.jmontblanc.fr\/index.php\/activite-agricole\/\"},{\"@type\":\"ListItem\",\"position\":3,\"name\":\"Productions animales\"}]},{\"@type\":\"WebSite\",\"@id\":\"https:\/\/www.jmontblanc.fr\/#website\",\"url\":\"https:\/\/www.jmontblanc.fr\/\",\"name\":\"Groupe JURA MONT-BLANC\",\"description\":\"\",\"publisher\":{\"@id\":\"https:\/\/www.jmontblanc.fr\/#organization\"},\"potentialAction\":[{\"@type\":\"SearchAction\",\"target\":{\"@type\":\"EntryPoint\",\"urlTemplate\":\"https:\/\/www.jmontblanc.fr\/?s={search_term_string}\"},\"query-input\":{\"@type\":\"PropertyValueSpecification\",\"valueRequired\":true,\"valueName\":\"search_term_string\"}}],\"inLanguage\":\"fr-FR\"},{\"@type\":\"Organization\",\"@id\":\"https:\/\/www.jmontblanc.fr\/#organization\",\"name\":\"Groupe JURA MONT-BLANC\",\"url\":\"https:\/\/www.jmontblanc.fr\/\",\"logo\":{\"@type\":\"ImageObject\",\"inLanguage\":\"fr-FR\",\"@id\":\"https:\/\/www.jmontblanc.fr\/#\/schema\/logo\/image\/\",\"url\":\"https:\/\/i0.wp.com\/www.jmontblanc.fr\/jmb_wp\/wp-content\/uploads\/2019\/05\/logo-jura-mont-blanc.png?fit=150%2C124&ssl=1\",\"contentUrl\":\"https:\/\/i0.wp.com\/www.jmontblanc.fr\/jmb_wp\/wp-content\/uploads\/2019\/05\/logo-jura-mont-blanc.png?fit=150%2C124&ssl=1\",\"width\":150,\"height\":124,\"caption\":\"Groupe JURA MONT-BLANC\"},\"image\":{\"@id\":\"https:\/\/www.jmontblanc.fr\/#\/schema\/logo\/image\/\"}}]}<\/script>\n<!-- \/ Yoast SEO plugin. -->","yoast_head_json":{"title":"Productions animales - Groupe JURA MONT-BLANC","robots":{"index":"index","follow":"follow","max-snippet":"max-snippet:-1","max-image-preview":"max-image-preview:large","max-video-preview":"max-video-preview:-1"},"canonical":"https:\/\/www.jmontblanc.fr\/index.php\/activite-agricole\/productions-animales\/","og_locale":"fr_FR","og_type":"article","og_title":"Productions animales - Groupe JURA MONT-BLANC","og_description":"Pour accompagner les exploitations de nos r\u00e9gions, nous proposons de larges gammes d'aliments du b\u00e9tail, de produits et de mat\u00e9riels d'\u00e9levage.","og_url":"https:\/\/www.jmontblanc.fr\/index.php\/activite-agricole\/productions-animales\/","og_site_name":"Groupe JURA MONT-BLANC","article_modified_time":"2019-05-29T14:07:59+00:00","og_image":[{"width":225,"height":200,"url":"https:\/\/i0.wp.com\/www.jmontblanc.fr\/jmb_wp\/wp-content\/uploads\/2016\/01\/Logo-evalp.jpg?fit=225%2C200&ssl=1","type":"image\/jpeg"}],"twitter_card":"summary_large_image","twitter_misc":{"Dur\u00e9e de lecture estim\u00e9e":"1 minute"},"schema":{"@context":"https:\/\/schema.org","@graph":[{"@type":"WebPage","@id":"https:\/\/www.jmontblanc.fr\/index.php\/activite-agricole\/productions-animales\/","url":"https:\/\/www.jmontblanc.fr\/index.php\/activite-agricole\/productions-animales\/","name":"Productions animales - Groupe JURA MONT-BLANC","isPartOf":{"@id":"https:\/\/www.jmontblanc.fr\/#website"},"primaryImageOfPage":{"@id":"https:\/\/www.jmontblanc.fr\/index.php\/activite-agricole\/productions-animales\/#primaryimage"},"image":{"@id":"https:\/\/www.jmontblanc.fr\/index.php\/activite-agricole\/productions-animales\/#primaryimage"},"thumbnailUrl":"https:\/\/i0.wp.com\/www.jmontblanc.fr\/jmb_wp\/wp-content\/uploads\/2016\/01\/Logo-evalp.jpg?fit=225%2C200&ssl=1","datePublished":"2016-01-26T13:00:12+00:00","dateModified":"2019-05-29T14:07:59+00:00","breadcrumb":{"@id":"https:\/\/www.jmontblanc.fr\/index.php\/activite-agricole\/productions-animales\/#breadcrumb"},"inLanguage":"fr-FR","potentialAction":[{"@type":"ReadAction","target":["https:\/\/www.jmontblanc.fr\/index.php\/activite-agricole\/productions-animales\/"]}]},{"@type":"ImageObject","inLanguage":"fr-FR","@id":"https:\/\/www.jmontblanc.fr\/index.php\/activite-agricole\/productions-animales\/#primaryimage","url":"https:\/\/i0.wp.com\/www.jmontblanc.fr\/jmb_wp\/wp-content\/uploads\/2016\/01\/Logo-evalp.jpg?fit=225%2C200&ssl=1","contentUrl":"https:\/\/i0.wp.com\/www.jmontblanc.fr\/jmb_wp\/wp-content\/uploads\/2016\/01\/Logo-evalp.jpg?fit=225%2C200&ssl=1","width":225,"height":200},{"@type":"BreadcrumbList","@id":"https:\/\/www.jmontblanc.fr\/index.php\/activite-agricole\/productions-animales\/#breadcrumb","itemListElement":[{"@type":"ListItem","position":1,"name":"Accueil","item":"https:\/\/www.jmontblanc.fr\/"},{"@type":"ListItem","position":2,"name":"Secteurs G\u00e9ographiques","item":"https:\/\/www.jmontblanc.fr\/index.php\/activite-agricole\/"},{"@type":"ListItem","position":3,"name":"Productions animales"}]},{"@type":"WebSite","@id":"https:\/\/www.jmontblanc.fr\/#website","url":"https:\/\/www.jmontblanc.fr\/","name":"Groupe JURA MONT-BLANC","description":"","publisher":{"@id":"https:\/\/www.jmontblanc.fr\/#organization"},"potentialAction":[{"@type":"SearchAction","target":{"@type":"EntryPoint","urlTemplate":"https:\/\/www.jmontblanc.fr\/?s={search_term_string}"},"query-input":{"@type":"PropertyValueSpecification","valueRequired":true,"valueName":"search_term_string"}}],"inLanguage":"fr-FR"},{"@type":"Organization","@id":"https:\/\/www.jmontblanc.fr\/#organization","name":"Groupe JURA MONT-BLANC","url":"https:\/\/www.jmontblanc.fr\/","logo":{"@type":"ImageObject","inLanguage":"fr-FR","@id":"https:\/\/www.jmontblanc.fr\/#\/schema\/logo\/image\/","url":"https:\/\/i0.wp.com\/www.jmontblanc.fr\/jmb_wp\/wp-content\/uploads\/2019\/05\/logo-jura-mont-blanc.png?fit=150%2C124&ssl=1","contentUrl":"https:\/\/i0.wp.com\/www.jmontblanc.fr\/jmb_wp\/wp-content\/uploads\/2019\/05\/logo-jura-mont-blanc.png?fit=150%2C124&ssl=1","width":150,"height":124,"caption":"Groupe JURA MONT-BLANC"},"image":{"@id":"https:\/\/www.jmontblanc.fr\/#\/schema\/logo\/image\/"}}]}},"jetpack_sharing_enabled":true,"jetpack_shortlink":"https:\/\/wp.me\/P7bCFA-1o","_links":{"self":[{"href":"https:\/\/www.jmontblanc.fr\/index.php\/wp-json\/wp\/v2\/pages\/86","targetHints":{"allow":["GET"]}}],"collection":[{"href":"https:\/\/www.jmontblanc.fr\/index.php\/wp-json\/wp\/v2\/pages"}],"about":[{"href":"https:\/\/www.jmontblanc.fr\/index.php\/wp-json\/wp\/v2\/types\/page"}],"author":[{"embeddable":true,"href":"https:\/\/www.jmontblanc.fr\/index.php\/wp-json\/wp\/v2\/users\/3"}],"replies":[{"embeddable":true,"href":"https:\/\/www.jmontblanc.fr\/index.php\/wp-json\/wp\/v2\/comments?post=86"}],"version-history":[{"count":14,"href":"https:\/\/www.jmontblanc.fr\/index.php\/wp-json\/wp\/v2\/pages\/86\/revisions"}],"predecessor-version":[{"id":1363,"href":"https:\/\/www.jmontblanc.fr\/index.php\/wp-json\/wp\/v2\/pages\/86\/revisions\/1363"}],"up":[{"embeddable":true,"href":"https:\/\/www.jmontblanc.fr\/index.php\/wp-json\/wp\/v2\/pages\/52"}],"wp:featuredmedia":[{"embeddable":true,"href":"https:\/\/www.jmontblanc.fr\/index.php\/wp-json\/wp\/v2\/media\/205"}],"wp:attachment":[{"href":"https:\/\/www.jmontblanc.fr\/index.php\/wp-json\/wp\/v2\/media?parent=86"}],"curies":[{"name":"wp","href":"https:\/\/api.w.org\/{rel}","templated":true}]}}