{"id":92,"date":"2016-01-26T14:02:04","date_gmt":"2016-01-26T13:02:04","guid":{"rendered":"http:\/\/www.jmontblanc.fr\/?page_id=92"},"modified":"2020-02-13T14:48:14","modified_gmt":"2020-02-13T13:48:14","slug":"qualite","status":"publish","type":"page","link":"https:\/\/www.jmontblanc.fr\/index.php\/nos-engagements\/qualite\/","title":{"rendered":"Qualit\u00e9"},"content":{"rendered":"<div class=\"wpb-content-wrapper\">[vc_section css=\u00a0\u00bb.vc_custom_1561472637407{background-color: #d3d3d3 !important;}\u00a0\u00bb][vc_row css=\u00a0\u00bb.vc_custom_1561472419383{padding-top: 30px !important;padding-right: 30px !important;padding-left: 30px !important;}\u00a0\u00bb][vc_column][vc_column_text responsive_text=\u00a0\u00bbtrue\u00a0\u00bb]\n<p style=\"text-align: center;\"><span style=\"font-size: 16px; color: #615b5b;\"><em>Tr\u00e8s attach\u00e9e \u00e0 la qualit\u00e9 de son service et des produits qu&rsquo;elle fournit, notre Coop\u00e9rative met tout en \u0153uvre pour satisfaire au mieux ses clients. <\/em><em>C&rsquo;est pourquoi, nos \u00e9quipes s&rsquo;investissent quotidiennement pour r\u00e9pondre aux exigences des certifications dans lesquelles Jura Mont-Blanc s&rsquo;engage.<\/em><\/span><\/p>\n[\/vc_column_text][\/vc_column][\/vc_row][\/vc_section][vc_row][vc_column]<div class=\"vcex-spacing wpex-w-100 wpex-clear\"><\/div>[\/vc_column][\/vc_row][vc_section][vc_row][vc_column width=\u00a0\u00bb1\/2&Prime;]<figure class=\"vcex-image vcex-module wpex-text-center\"><div class=\"vcex-image-inner wpex-relative wpex-inline-block\"><img width=\"240\" height=\"140\" src=\"https:\/\/i0.wp.com\/www.jmontblanc.fr\/jmb_wp\/wp-content\/uploads\/2016\/01\/AFTalp.jpg?fit=240%2C140&amp;ssl=1\" class=\"vcex-image-img wpex-align-middle\" alt=\"\" loading=\"lazy\" decoding=\"async\" \/><\/div><\/figure>[\/vc_column][vc_column width=\u00a0\u00bb1\/2&Prime;]<figure class=\"vcex-image vcex-module wpex-text-center\"><div class=\"vcex-image-inner wpex-relative wpex-inline-block\"><img loading=\"lazy\" class=\"vcex-image-img wpex-align-middle\" decoding=\"async\" src=\"https:\/\/i0.wp.com\/www.jmontblanc.fr\/jmb_wp\/wp-content\/uploads\/2016\/01\/Logo-certifi%C3%A9.png?resize=150%2C150&#038;ssl=1\" alt=\"\" width=\"150\" height=\"150\"><\/div><\/figure>[\/vc_column][\/vc_row][vc_row][vc_column width=\u00a0\u00bb1\/2&Prime;][vc_column_text]Adh\u00e9sion \u00e0 l&rsquo;<strong>AFTalp (Association des Fromages Traditionnels des Alpes Savoyardes)<\/strong> : chaque ann\u00e9e, nos formules labellis\u00e9es AFC sont contr\u00f4l\u00e9es par l&rsquo;AFTAlp. Elles respectent le cahier des charges, qui comprend entre autres une garantie OGM &lt; 0,9%, une liste positive d&rsquo;additifs, une garantie d&rsquo;auto-contr\u00f4les des fabrications par le fabricant.[\/vc_column_text][\/vc_column][vc_column width=\u00a0\u00bb1\/2&Prime;][vc_column_text]<strong>M\u00e9tiers du Grain<\/strong> : Jura Mont-Blanc accorde une grande importance \u00e0 la tra\u00e7abilit\u00e9 et \u00e0 la s\u00e9curit\u00e9 de ses produits. C&rsquo;est pour cela que la coop\u00e9rative s&rsquo;est engag\u00e9e dans la d\u00e9marche CSA-GTP (Charte de S\u00e9curit\u00e9 Alimentaire) pour la collecte, le stockage et la commercialisation des c\u00e9r\u00e9ales et des graines ol\u00e9agineuses et prot\u00e9agineuses.<\/p>\n<p><a href=\"https:\/\/charte.incograin.com\/fr\/details.asp?Id=550\">Fiche identit\u00e9 Jura Mont-Blanc sur le site Incograin<\/a>[\/vc_column_text][\/vc_column][\/vc_row][vc_row][vc_column][vc_empty_space][\/vc_column][\/vc_row][vc_row][vc_column width=\u00a0\u00bb1\/2&Prime;]<figure class=\"vcex-image vcex-module wpex-text-center\"><div class=\"vcex-image-inner wpex-relative wpex-inline-block\"><img loading=\"lazy\" class=\"vcex-image-img wpex-align-middle\" decoding=\"async\" src=\"https:\/\/i0.wp.com\/www.jmontblanc.fr\/jmb_wp\/wp-content\/uploads\/2016\/01\/2BSvs.png?resize=150%2C150&#038;ssl=1\" alt=\"\" srcset=\"https:\/\/i0.wp.com\/www.jmontblanc.fr\/jmb_wp\/wp-content\/uploads\/2016\/01\/2BSvs.png?w=876&amp;ssl=1 876w, https:\/\/i0.wp.com\/www.jmontblanc.fr\/jmb_wp\/wp-content\/uploads\/2016\/01\/2BSvs.png?resize=150%2C150&amp;ssl=1 150w, https:\/\/i0.wp.com\/www.jmontblanc.fr\/jmb_wp\/wp-content\/uploads\/2016\/01\/2BSvs.png?resize=300%2C300&amp;ssl=1 300w, https:\/\/i0.wp.com\/www.jmontblanc.fr\/jmb_wp\/wp-content\/uploads\/2016\/01\/2BSvs.png?resize=768%2C768&amp;ssl=1 768w, https:\/\/i0.wp.com\/www.jmontblanc.fr\/jmb_wp\/wp-content\/uploads\/2016\/01\/2BSvs.png?resize=270%2C270&amp;ssl=1 270w, https:\/\/i0.wp.com\/www.jmontblanc.fr\/jmb_wp\/wp-content\/uploads\/2016\/01\/2BSvs.png?resize=230%2C230&amp;ssl=1 230w\" width=\"150\" height=\"150\"><\/div><\/figure>[\/vc_column][vc_column width=\u00a0\u00bb1\/2&Prime;]<figure class=\"vcex-image vcex-module wpex-text-center\"><div class=\"vcex-image-inner wpex-relative wpex-inline-block\"><img loading=\"lazy\" class=\"vcex-image-img wpex-align-middle\" decoding=\"async\" src=\"https:\/\/i0.wp.com\/www.jmontblanc.fr\/jmb_wp\/wp-content\/uploads\/2016\/01\/BureauVeritas.jpg?resize=150%2C150&#038;ssl=1\" alt=\"\" width=\"150\" height=\"150\"><\/div><\/figure>[\/vc_column][\/vc_row][vc_row][vc_column width=\u00a0\u00bb1\/2&Prime;][vc_column_text]<strong>Certification 2BSvs :<\/strong> la certification des graines ol\u00e9o-prot\u00e9agineuses (colza et tournesol) par ce label nous permet leur commercialisation en fili\u00e8re de production de biocarburants.[\/vc_column_text][\/vc_column][vc_column width=\u00a0\u00bb1\/2&Prime;][vc_column_text]<strong>Certification phytosanitaire :<\/strong> cette certification nous permet de distribuer des produits phytosanitaire \u00e0 l&rsquo;usage des professionnels sous le num\u00e9ro d&rsquo;agr\u00e9ment n\u00b0RH00236 et \u00e0 l&rsquo;usage des priv\u00e9s sous le num\u00e9ro d&rsquo;agr\u00e9ment n\u00b0RH00243.[\/vc_column_text][\/vc_column][\/vc_row][vc_row][vc_column][vc_empty_space][\/vc_column][\/vc_row][vc_row][vc_column width=\u00a0\u00bb1\/2&Prime;]<figure class=\"vcex-image vcex-module wpex-text-center\"><div class=\"vcex-image-inner wpex-relative wpex-inline-block\"><img loading=\"lazy\" class=\"vcex-image-img wpex-align-middle\" decoding=\"async\" src=\"https:\/\/i0.wp.com\/www.jmontblanc.fr\/jmb_wp\/wp-content\/uploads\/2019\/06\/logo-bio-2.jpg?resize=150%2C150&#038;ssl=1\" alt=\"\" srcset=\"https:\/\/i0.wp.com\/www.jmontblanc.fr\/jmb_wp\/wp-content\/uploads\/2019\/06\/logo-bio-2.jpg?w=1548&amp;ssl=1 1548w, https:\/\/i0.wp.com\/www.jmontblanc.fr\/jmb_wp\/wp-content\/uploads\/2019\/06\/logo-bio-2.jpg?resize=150%2C150&amp;ssl=1 150w, https:\/\/i0.wp.com\/www.jmontblanc.fr\/jmb_wp\/wp-content\/uploads\/2019\/06\/logo-bio-2.jpg?resize=300%2C300&amp;ssl=1 300w, https:\/\/i0.wp.com\/www.jmontblanc.fr\/jmb_wp\/wp-content\/uploads\/2019\/06\/logo-bio-2.jpg?resize=768%2C768&amp;ssl=1 768w, https:\/\/i0.wp.com\/www.jmontblanc.fr\/jmb_wp\/wp-content\/uploads\/2019\/06\/logo-bio-2.jpg?resize=1024%2C1024&amp;ssl=1 1024w\" width=\"150\" height=\"150\"><\/div><\/figure>[\/vc_column][\/vc_row][vc_row][vc_column width=\u00a0\u00bb1\/2&Prime;][vc_column_text]<strong>Certification Bio<\/strong> : la coop\u00e9rative est certifi\u00e9e pour la distribution d&rsquo;aliments vracs et pour b\u00e9tail, ainsi que pour la revente de fourrages bio. Depuis 2020, elle est \u00e9galement certifi\u00e9e pour la collecte et le stockage de c\u00e9r\u00e9ales bio sur son site de Veigy Foncenex.[\/vc_column_text][\/vc_column][\/vc_row][\/vc_section]\n<\/div>","protected":false},"excerpt":{"rendered":"<p>[vc_section css=\u00a0\u00bb.vc_custom_1561472637407{background-color: #d3d3d3 !important;}\u00a0\u00bb][vc_row css=\u00a0\u00bb.vc_custom_1561472419383{padding-top: 30px !important;padding-right: 30px !important;padding-left: 30px !important;}\u00a0\u00bb][vc_column][vc_column_text responsive_text=\u00a0\u00bbtrue\u00a0\u00bb] Tr\u00e8s attach\u00e9e \u00e0 la qualit\u00e9 de son service et des produits qu&rsquo;elle fournit, notre Coop\u00e9rative met tout en \u0153uvre pour satisfaire au mieux ses clients. C&rsquo;est pourquoi, nos \u00e9quipes s&rsquo;investissent quotidiennement pour r\u00e9pondre aux exigences des certifications dans lesquelles Jura Mont-Blanc s&rsquo;engage. [\/vc_column_text][\/vc_column][\/vc_row][\/vc_section][vc_row][vc_column][\/vc_column][\/vc_row][vc_section][vc_row][vc_column&hellip;<\/p>\n","protected":false},"author":3,"featured_media":0,"parent":56,"menu_order":2,"comment_status":"closed","ping_status":"closed","template":"","meta":{"_exactmetrics_skip_tracking":false,"_exactmetrics_sitenote_active":false,"_exactmetrics_sitenote_note":"","_exactmetrics_sitenote_category":0,"jetpack_post_was_ever_published":false,"footnotes":""},"class_list":["post-92","page","type-page","status-publish","hentry","entry","no-media"],"yoast_head":"<!-- This site is optimized with the Yoast SEO plugin v27.2 - https:\/\/yoast.com\/product\/yoast-seo-wordpress\/ -->\n<title>Qualit\u00e9 - Groupe JURA MONT-BLANC<\/title>\n<meta name=\"robots\" content=\"index, follow, max-snippet:-1, max-image-preview:large, max-video-preview:-1\" \/>\n<link rel=\"canonical\" href=\"https:\/\/www.jmontblanc.fr\/index.php\/nos-engagements\/qualite\/\" \/>\n<meta property=\"og:locale\" content=\"fr_FR\" \/>\n<meta property=\"og:type\" content=\"article\" \/>\n<meta property=\"og:title\" content=\"Qualit\u00e9 - Groupe JURA MONT-BLANC\" \/>\n<meta property=\"og:description\" content=\"[vc_section css=\u00a0\u00bb.vc_custom_1561472637407{background-color: #d3d3d3 !important;}\u00a0\u00bb][vc_row css=\u00a0\u00bb.vc_custom_1561472419383{padding-top: 30px !important;padding-right: 30px !important;padding-left: 30px !important;}\u00a0\u00bb][vc_column][vc_column_text responsive_text=\u00a0\u00bbtrue\u00a0\u00bb] Tr\u00e8s attach\u00e9e \u00e0 la qualit\u00e9 de son service et des produits qu&rsquo;elle fournit, notre Coop\u00e9rative met tout en \u0153uvre pour satisfaire au mieux ses clients. C&rsquo;est pourquoi, nos \u00e9quipes s&rsquo;investissent quotidiennement pour r\u00e9pondre aux exigences des certifications dans lesquelles Jura Mont-Blanc s&rsquo;engage. [\/vc_column_text][\/vc_column][\/vc_row][\/vc_section][vc_row][vc_column][\/vc_column][\/vc_row][vc_section][vc_row][vc_column&hellip;\" \/>\n<meta property=\"og:url\" content=\"https:\/\/www.jmontblanc.fr\/index.php\/nos-engagements\/qualite\/\" \/>\n<meta property=\"og:site_name\" content=\"Groupe JURA MONT-BLANC\" \/>\n<meta property=\"article:modified_time\" content=\"2020-02-13T13:48:14+00:00\" \/>\n<meta name=\"twitter:card\" content=\"summary_large_image\" \/>\n<meta name=\"twitter:label1\" content=\"Dur\u00e9e de lecture estim\u00e9e\" \/>\n\t<meta name=\"twitter:data1\" content=\"3 minutes\" \/>\n<script type=\"application\/ld+json\" class=\"yoast-schema-graph\">{\"@context\":\"https:\/\/schema.org\",\"@graph\":[{\"@type\":\"WebPage\",\"@id\":\"https:\/\/www.jmontblanc.fr\/index.php\/nos-engagements\/qualite\/\",\"url\":\"https:\/\/www.jmontblanc.fr\/index.php\/nos-engagements\/qualite\/\",\"name\":\"Qualit\u00e9 - Groupe JURA MONT-BLANC\",\"isPartOf\":{\"@id\":\"https:\/\/www.jmontblanc.fr\/#website\"},\"datePublished\":\"2016-01-26T13:02:04+00:00\",\"dateModified\":\"2020-02-13T13:48:14+00:00\",\"breadcrumb\":{\"@id\":\"https:\/\/www.jmontblanc.fr\/index.php\/nos-engagements\/qualite\/#breadcrumb\"},\"inLanguage\":\"fr-FR\",\"potentialAction\":[{\"@type\":\"ReadAction\",\"target\":[\"https:\/\/www.jmontblanc.fr\/index.php\/nos-engagements\/qualite\/\"]}]},{\"@type\":\"BreadcrumbList\",\"@id\":\"https:\/\/www.jmontblanc.fr\/index.php\/nos-engagements\/qualite\/#breadcrumb\",\"itemListElement\":[{\"@type\":\"ListItem\",\"position\":1,\"name\":\"Accueil\",\"item\":\"https:\/\/www.jmontblanc.fr\/\"},{\"@type\":\"ListItem\",\"position\":2,\"name\":\"Nos engagements\",\"item\":\"https:\/\/www.jmontblanc.fr\/index.php\/nos-engagements\/\"},{\"@type\":\"ListItem\",\"position\":3,\"name\":\"Qualit\u00e9\"}]},{\"@type\":\"WebSite\",\"@id\":\"https:\/\/www.jmontblanc.fr\/#website\",\"url\":\"https:\/\/www.jmontblanc.fr\/\",\"name\":\"Groupe JURA MONT-BLANC\",\"description\":\"\",\"publisher\":{\"@id\":\"https:\/\/www.jmontblanc.fr\/#organization\"},\"potentialAction\":[{\"@type\":\"SearchAction\",\"target\":{\"@type\":\"EntryPoint\",\"urlTemplate\":\"https:\/\/www.jmontblanc.fr\/?s={search_term_string}\"},\"query-input\":{\"@type\":\"PropertyValueSpecification\",\"valueRequired\":true,\"valueName\":\"search_term_string\"}}],\"inLanguage\":\"fr-FR\"},{\"@type\":\"Organization\",\"@id\":\"https:\/\/www.jmontblanc.fr\/#organization\",\"name\":\"Groupe JURA MONT-BLANC\",\"url\":\"https:\/\/www.jmontblanc.fr\/\",\"logo\":{\"@type\":\"ImageObject\",\"inLanguage\":\"fr-FR\",\"@id\":\"https:\/\/www.jmontblanc.fr\/#\/schema\/logo\/image\/\",\"url\":\"https:\/\/i0.wp.com\/www.jmontblanc.fr\/jmb_wp\/wp-content\/uploads\/2019\/05\/logo-jura-mont-blanc.png?fit=150%2C124&ssl=1\",\"contentUrl\":\"https:\/\/i0.wp.com\/www.jmontblanc.fr\/jmb_wp\/wp-content\/uploads\/2019\/05\/logo-jura-mont-blanc.png?fit=150%2C124&ssl=1\",\"width\":150,\"height\":124,\"caption\":\"Groupe JURA MONT-BLANC\"},\"image\":{\"@id\":\"https:\/\/www.jmontblanc.fr\/#\/schema\/logo\/image\/\"}}]}<\/script>\n<!-- \/ Yoast SEO plugin. -->","yoast_head_json":{"title":"Qualit\u00e9 - Groupe JURA MONT-BLANC","robots":{"index":"index","follow":"follow","max-snippet":"max-snippet:-1","max-image-preview":"max-image-preview:large","max-video-preview":"max-video-preview:-1"},"canonical":"https:\/\/www.jmontblanc.fr\/index.php\/nos-engagements\/qualite\/","og_locale":"fr_FR","og_type":"article","og_title":"Qualit\u00e9 - Groupe JURA MONT-BLANC","og_description":"[vc_section css=\u00a0\u00bb.vc_custom_1561472637407{background-color: #d3d3d3 !important;}\u00a0\u00bb][vc_row css=\u00a0\u00bb.vc_custom_1561472419383{padding-top: 30px !important;padding-right: 30px !important;padding-left: 30px !important;}\u00a0\u00bb][vc_column][vc_column_text responsive_text=\u00a0\u00bbtrue\u00a0\u00bb] Tr\u00e8s attach\u00e9e \u00e0 la qualit\u00e9 de son service et des produits qu&rsquo;elle fournit, notre Coop\u00e9rative met tout en \u0153uvre pour satisfaire au mieux ses clients. C&rsquo;est pourquoi, nos \u00e9quipes s&rsquo;investissent quotidiennement pour r\u00e9pondre aux exigences des certifications dans lesquelles Jura Mont-Blanc s&rsquo;engage. [\/vc_column_text][\/vc_column][\/vc_row][\/vc_section][vc_row][vc_column][\/vc_column][\/vc_row][vc_section][vc_row][vc_column&hellip;","og_url":"https:\/\/www.jmontblanc.fr\/index.php\/nos-engagements\/qualite\/","og_site_name":"Groupe JURA MONT-BLANC","article_modified_time":"2020-02-13T13:48:14+00:00","twitter_card":"summary_large_image","twitter_misc":{"Dur\u00e9e de lecture estim\u00e9e":"3 minutes"},"schema":{"@context":"https:\/\/schema.org","@graph":[{"@type":"WebPage","@id":"https:\/\/www.jmontblanc.fr\/index.php\/nos-engagements\/qualite\/","url":"https:\/\/www.jmontblanc.fr\/index.php\/nos-engagements\/qualite\/","name":"Qualit\u00e9 - Groupe JURA MONT-BLANC","isPartOf":{"@id":"https:\/\/www.jmontblanc.fr\/#website"},"datePublished":"2016-01-26T13:02:04+00:00","dateModified":"2020-02-13T13:48:14+00:00","breadcrumb":{"@id":"https:\/\/www.jmontblanc.fr\/index.php\/nos-engagements\/qualite\/#breadcrumb"},"inLanguage":"fr-FR","potentialAction":[{"@type":"ReadAction","target":["https:\/\/www.jmontblanc.fr\/index.php\/nos-engagements\/qualite\/"]}]},{"@type":"BreadcrumbList","@id":"https:\/\/www.jmontblanc.fr\/index.php\/nos-engagements\/qualite\/#breadcrumb","itemListElement":[{"@type":"ListItem","position":1,"name":"Accueil","item":"https:\/\/www.jmontblanc.fr\/"},{"@type":"ListItem","position":2,"name":"Nos engagements","item":"https:\/\/www.jmontblanc.fr\/index.php\/nos-engagements\/"},{"@type":"ListItem","position":3,"name":"Qualit\u00e9"}]},{"@type":"WebSite","@id":"https:\/\/www.jmontblanc.fr\/#website","url":"https:\/\/www.jmontblanc.fr\/","name":"Groupe JURA MONT-BLANC","description":"","publisher":{"@id":"https:\/\/www.jmontblanc.fr\/#organization"},"potentialAction":[{"@type":"SearchAction","target":{"@type":"EntryPoint","urlTemplate":"https:\/\/www.jmontblanc.fr\/?s={search_term_string}"},"query-input":{"@type":"PropertyValueSpecification","valueRequired":true,"valueName":"search_term_string"}}],"inLanguage":"fr-FR"},{"@type":"Organization","@id":"https:\/\/www.jmontblanc.fr\/#organization","name":"Groupe JURA MONT-BLANC","url":"https:\/\/www.jmontblanc.fr\/","logo":{"@type":"ImageObject","inLanguage":"fr-FR","@id":"https:\/\/www.jmontblanc.fr\/#\/schema\/logo\/image\/","url":"https:\/\/i0.wp.com\/www.jmontblanc.fr\/jmb_wp\/wp-content\/uploads\/2019\/05\/logo-jura-mont-blanc.png?fit=150%2C124&ssl=1","contentUrl":"https:\/\/i0.wp.com\/www.jmontblanc.fr\/jmb_wp\/wp-content\/uploads\/2019\/05\/logo-jura-mont-blanc.png?fit=150%2C124&ssl=1","width":150,"height":124,"caption":"Groupe JURA MONT-BLANC"},"image":{"@id":"https:\/\/www.jmontblanc.fr\/#\/schema\/logo\/image\/"}}]}},"jetpack_sharing_enabled":true,"jetpack_shortlink":"https:\/\/wp.me\/P7bCFA-1u","_links":{"self":[{"href":"https:\/\/www.jmontblanc.fr\/index.php\/wp-json\/wp\/v2\/pages\/92","targetHints":{"allow":["GET"]}}],"collection":[{"href":"https:\/\/www.jmontblanc.fr\/index.php\/wp-json\/wp\/v2\/pages"}],"about":[{"href":"https:\/\/www.jmontblanc.fr\/index.php\/wp-json\/wp\/v2\/types\/page"}],"author":[{"embeddable":true,"href":"https:\/\/www.jmontblanc.fr\/index.php\/wp-json\/wp\/v2\/users\/3"}],"replies":[{"embeddable":true,"href":"https:\/\/www.jmontblanc.fr\/index.php\/wp-json\/wp\/v2\/comments?post=92"}],"version-history":[{"count":13,"href":"https:\/\/www.jmontblanc.fr\/index.php\/wp-json\/wp\/v2\/pages\/92\/revisions"}],"predecessor-version":[{"id":1883,"href":"https:\/\/www.jmontblanc.fr\/index.php\/wp-json\/wp\/v2\/pages\/92\/revisions\/1883"}],"up":[{"embeddable":true,"href":"https:\/\/www.jmontblanc.fr\/index.php\/wp-json\/wp\/v2\/pages\/56"}],"wp:attachment":[{"href":"https:\/\/www.jmontblanc.fr\/index.php\/wp-json\/wp\/v2\/media?parent=92"}],"curies":[{"name":"wp","href":"https:\/\/api.w.org\/{rel}","templated":true}]}}